{"id":5203,"date":"2025-04-09T16:33:51","date_gmt":"2025-04-09T14:33:51","guid":{"rendered":"https:\/\/www.fun-entertain.de\/?page_id=5203"},"modified":"2025-11-25T08:16:12","modified_gmt":"2025-11-25T07:16:12","slug":"tipwin-filialen-duesseldorf","status":"publish","type":"page","link":"https:\/\/www.fun-entertain.de\/tr\/tipwin-filialen-duesseldorf\/","title":{"rendered":"M\u00fclheim\u2019de Tipico Bayileri"},"content":{"rendered":"<div class=\"wpb-content-wrapper\"><p>[vc_section css=&#8221;.vc_custom_1530636267617{margin-top: 0px !important;}&#8221;][vc_row bg_type=&#8221;bg_color&#8221; bg_override=&#8221;full&#8221; bg_color_value=&#8221;#d61919&#8243; css=&#8221;.vc_custom_1530723460513{margin-top: 0px !important;padding-top: -25px !important;}&#8221;][vc_column css=&#8221;.vc_custom_1530636648379{padding-top: 0px !important;}&#8221;][vc_empty_space height=&#8221;40px&#8221;][vc_single_image image=&#8221;5115&#8243; img_size=&#8221;medium&#8221; alignment=&#8221;center&#8221; css=&#8221;.vc_custom_1764054970620{margin-top: 0px !important;padding-top: -25px !important;}&#8221; el_id=&#8221;tipico-bild&#8221;][\/vc_column][\/vc_row][vc_row][vc_column][vc_empty_space height=&#8221;50px&#8221;][\/vc_column][\/vc_row][\/vc_section][vc_row][vc_column][vc_column_text css_animation=&#8221;appear&#8221; css=&#8221;&#8221; h1_css=&#8221;{.vc_customizer_1530030364838}font-weight:200;&#8221; h2_css=&#8221;{.vc_customizer_1530030364838}&#8221; h3_css=&#8221;{.vc_customizer_1530030364840}&#8221; h4_css=&#8221;{.vc_customizer_1530030364840}&#8221; h5_css=&#8221;{.vc_customizer_1530030364841}&#8221; h6_css=&#8221;{.vc_customizer_1530030364842}&#8221; p_css=&#8221;{.vc_customizer_1530030364842}&#8221; link_css=&#8221;{.vc_customizer_1530030364843}&#8221; list_css=&#8221;{.vc_customizer_1530030364843}&#8221;]<\/p>\n<h1>TipWin-Filialen in D\u00fcsseldorf<\/h1>\n<p><strong>D\u00fcsseldorf-Eller<\/strong><\/p>\n<p>Gumbertstr. 163<\/p>\n<p>40229 D\u00fcsseldorf<\/p>\n<p><em><strong>\u00d6ffnungszeiten:<\/strong><\/em><\/p>\n<p>Montag &#8211; Sonntag: 11:00 &#8211; 23:00 Uhr<\/p>\n<p><iframe loading=\"lazy\" style=\"border: 0px currentColor;\" src=\"https:\/\/www.google.com\/maps\/embed?pb=!1m18!1m12!1m3!1d2499.9988295168464!2d6.838876915977758!3d51.20067324090365!2m3!1f0!2f0!3f0!3m2!1i1024!2i768!4f13.1!3m3!1m2!1s0x47b8cb8f71f01635%3A0x6fe38e35eb25398f!2sGumbertstra%C3%9Fe+163%2C+40229+D%C3%BCsseldorf!5e0!3m2!1sde!2sde!4v1468747041288\" width=\"400\" height=\"300\" frameborder=\"0\" allowfullscreen=\"allowfullscreen\"><\/iframe>[\/vc_column_text][\/vc_column][\/vc_row]<\/p>\n<\/div>","protected":false},"excerpt":{"rendered":"<p>[vc_section css=&#8221;.vc_custom_1530636267617{margin-top: 0px !important;}&#8221;][vc_row bg_type=&#8221;bg_color&#8221; bg_override=&#8221;full&#8221; bg_color_value=&#8221;#d61919&#8243; css=&#8221;.vc_custom_1530723460513{margin-top: 0px !important;padding-top: -25px !important;}&#8221;][vc_column css=&#8221;.vc_custom_1530636648379{padding-top: 0px !important;}&#8221;][vc_empty_space height=&#8221;40px&#8221;][vc_single_image image=&#8221;5115&#8243; img_size=&#8221;medium&#8221; alignment=&#8221;center&#8221; css=&#8221;.vc_custom_1764054970620{margin-top: 0px !important;padding-top: -25px !important;}&#8221; el_id=&#8221;tipico-bild&#8221;][\/vc_column][\/vc_row][vc_row][vc_column][vc_empty_space height=&#8221;50px&#8221;][\/vc_column][\/vc_row][\/vc_section][vc_row][vc_column][vc_column_text css_animation=&#8221;appear&#8221; css=&#8221;&#8221; h1_css=&#8221;{.vc_customizer_1530030364838}font-weight:200;&#8221; h2_css=&#8221;{.vc_customizer_1530030364838}&#8221; h3_css=&#8221;{.vc_customizer_1530030364840}&#8221; h4_css=&#8221;{.vc_customizer_1530030364840}&#8221; h5_css=&#8221;{.vc_customizer_1530030364841}&#8221; h6_css=&#8221;{.vc_customizer_1530030364842}&#8221; p_css=&#8221;{.vc_customizer_1530030364842}&#8221; link_css=&#8221;{.vc_customizer_1530030364843}&#8221; list_css=&#8221;{.vc_customizer_1530030364843}&#8221;] TipWin-Filialen in D\u00fcsseldorf D\u00fcsseldorf-Eller Gumbertstr. 163 40229 D\u00fcsseldorf \u00d6ffnungszeiten: Montag &#8211; Sonntag: 11:00 &#8211; 23:00 Uhr [\/vc_column_text][\/vc_column][\/vc_row]<\/p>\n","protected":false},"author":1,"featured_media":0,"parent":0,"menu_order":0,"comment_status":"closed","ping_status":"closed","template":"","meta":{"inline_featured_image":false,"footnotes":""},"class_list":["post-5203","page","type-page","status-publish","hentry","description-off"],"translation":{"provider":"WPGlobus","version":"3.0.0","language":"tr","enabled_languages":["de","en","tr"],"languages":{"de":{"title":true,"content":true,"excerpt":false},"en":{"title":false,"content":false,"excerpt":false},"tr":{"title":true,"content":false,"excerpt":false}}},"_links":{"self":[{"href":"https:\/\/www.fun-entertain.de\/tr\/wp-json\/wp\/v2\/pages\/5203","targetHints":{"allow":["GET"]}}],"collection":[{"href":"https:\/\/www.fun-entertain.de\/tr\/wp-json\/wp\/v2\/pages"}],"about":[{"href":"https:\/\/www.fun-entertain.de\/tr\/wp-json\/wp\/v2\/types\/page"}],"author":[{"embeddable":true,"href":"https:\/\/www.fun-entertain.de\/tr\/wp-json\/wp\/v2\/users\/1"}],"replies":[{"embeddable":true,"href":"https:\/\/www.fun-entertain.de\/tr\/wp-json\/wp\/v2\/comments?post=5203"}],"version-history":[{"count":4,"href":"https:\/\/www.fun-entertain.de\/tr\/wp-json\/wp\/v2\/pages\/5203\/revisions"}],"predecessor-version":[{"id":5260,"href":"https:\/\/www.fun-entertain.de\/tr\/wp-json\/wp\/v2\/pages\/5203\/revisions\/5260"}],"wp:attachment":[{"href":"https:\/\/www.fun-entertain.de\/tr\/wp-json\/wp\/v2\/media?parent=5203"}],"curies":[{"name":"wp","href":"https:\/\/api.w.org\/{rel}","templated":true}]}}