{"id":5101,"date":"2023-11-07T08:10:21","date_gmt":"2023-11-07T07:10:21","guid":{"rendered":"https:\/\/www.fun-entertain.de\/?page_id=5101"},"modified":"2023-11-09T14:39:31","modified_gmt":"2023-11-09T13:39:31","slug":"tipwin-filialen-wetzlar","status":"publish","type":"page","link":"https:\/\/www.fun-entertain.de\/tr\/tipwin-filialen-wetzlar\/","title":{"rendered":"Dorsten\u2019de Tipico Bayileri"},"content":{"rendered":"<div class=\"wpb-content-wrapper\"><p>[vc_section css=&#8221;.vc_custom_1530636267617{margin-top: 0px !important;}&#8221;][vc_row bg_type=&#8221;bg_color&#8221; bg_override=&#8221;full&#8221; css=&#8221;.vc_custom_1699193042843{margin-top: 0px !important;padding-top: -25px !important;}&#8221;][vc_column css=&#8221;.vc_custom_1530636648379{padding-top: 0px !important;}&#8221;][vc_empty_space height=&#8221;40px&#8221;][vc_single_image image=&#8221;5074&#8243; img_size=&#8221;medium&#8221; alignment=&#8221;center&#8221; css=&#8221;.vc_custom_1699192904962{margin-top: 0px !important;padding-top: -25px !important;}&#8221; el_id=&#8221;tipico-bild&#8221;][\/vc_column][\/vc_row][vc_row][vc_column][vc_empty_space height=&#8221;50px&#8221;][\/vc_column][\/vc_row][\/vc_section][vc_row][vc_column width=&#8221;1\/2&#8243;][vc_column_text css_animation=&#8221;appear&#8221; h1_css=&#8221;{.vc_customizer_1525782952568}font-weight:200;&#8221; h2_css=&#8221;{.vc_customizer_1525782952570}&#8221; h3_css=&#8221;{.vc_customizer_1525782952570}&#8221; h4_css=&#8221;{.vc_customizer_1525782952572}&#8221; h5_css=&#8221;{.vc_customizer_1525782952572}&#8221; h6_css=&#8221;{.vc_customizer_1525782952572}&#8221; p_css=&#8221;{.vc_customizer_1525782952572}&#8221; link_css=&#8221;{.vc_customizer_1525782952574}&#8221; list_css=&#8221;{.vc_customizer_1525782952574}&#8221;]<\/p>\n<h1><a href=\"https:\/\/www.fun-entertain.de\/wp-content\/uploads\/2023\/11\/tw_logo_tipwin.svg\"><img loading=\"lazy\" decoding=\"async\" class=\"alignnone size-medium wp-image-5115\" src=\"https:\/\/www.fun-entertain.de\/wp-content\/uploads\/2023\/11\/tw_logo_tipwin.svg\" alt=\"\" width=\"300\" height=\"300\" \/><\/a><\/h1>\n<h1>TipWin-Filialen in Wetzlar<\/h1>\n<p>Niedergirmeser Weg 19, 35576 Wetzlar<\/p>\n<p><em><strong>\u00d6ffnungszeiten:<\/strong><\/em><\/p>\n<p>Montag &#8211; Sonntag: 11:00 &#8211; 23:00 Uhr<\/p>\n<p><iframe loading=\"lazy\" style=\"border: 0;\" src=\"https:\/\/www.google.com\/maps\/embed?pb=!1m18!1m12!1m3!1d2534.15482227495!2d8.499712676564222!3d50.56848567161492!2m3!1f0!2f0!3f0!3m2!1i1024!2i768!4f13.1!3m3!1m2!1s0x47bc5ada9ceab081%3A0xebb8c1ae477fb712!2sNiedergirmeser%20Weg%2019%2C%2035576%20Wetzlar!5e0!3m2!1sde!2sde!4v1699340987145!5m2!1sde!2sde\" width=\"600\" height=\"450\" allowfullscreen=\"allowfullscreen\"><\/iframe>[\/vc_column_text][\/vc_column][vc_column width=&#8221;1\/2&#8243;][vc_column_text]<\/p>\n<h3>TipWin Sportwetten &#8211; Vielfalt und Spannung f\u00fcr Enthusiasten<\/h3>\n<p>Bei TipWin, einem aufstrebenden Star am Himmel der Sportwetten, finden Wettenliebhaber alles, was das Herz begehrt. Mit einem beeindruckenden Spektrum an Sportarten und Wettoptionen zieht TipWin Kenner und Neulinge gleicherma\u00dfen in seinen Bann. Fu\u00dfball, Basketball, Eishockey &#8211; die Klassiker sind selbstverst\u00e4ndlich vertreten. Doch TipWin geht weiter: Sportarten wie Cricket, Snooker und eSports beweisen, dass hier Vielfalt nicht nur ein Wort ist. Und Regionalit\u00e4t ebenso nicht &#8211; Wintersport und Skispringen ist ebenfalls dabei.<\/p>\n<p>Die benutzerfreundliche Oberfl\u00e4che von TipWin erleichtert sowohl den Einstieg f\u00fcr Neulinge als auch die Tiefe der Optionen f\u00fcr erfahrene Wetter. Fun-Entertain.de, Ihr Wegweiser in der Welt der Sportwetten, bringt Sie direkt zu den spannenden Angeboten von TipWin. Als renommierter Vermittler f\u00fcr hochwertige Wetterlebnisse setzt Fun-Entertain.de auf Partnerschaften mit den besten Anbietern &#8211; und TipWin steht da ganz oben auf der Liste. National wie international. TipWin versteht es, mit der Zeit zu gehen &#8211; mobiles Wetten ist hier kein Fremdwort, sondern Programm. Die App gibt es f\u00fcr Apple und Andriod. Ihre Wettplattform ist somit auf allen Ger\u00e4ten zug\u00e4nglich, so dass Sie unabh\u00e4ngig von Zeit und Ort Ihre Wetten platzieren k\u00f6nnen. Die nahtlose Integration von station\u00e4ren und Online-Angeboten erm\u00f6glicht ein flie\u00dfendes Wetterlebnis, und dank Fun-Entertain.de ist der Zugang zu diesem Service nur einen Klick entfernt.<\/p>\n<p>TipWin sticht auch durch innovative Features wie Echtzeit-Statistiken, Live-Wetten und einem umfassenden Ergebnisdienst hervor. Mit einem klaren Blick auf das Spielgeschehen k\u00f6nnen Sie Entscheidungen treffen, die auf den neuesten Informationen basieren &#8211; ein klarer Vorteil, den Fun-Entertain.de stolz pr\u00e4sentiert. Alles im Blick zu behalten mag im ersten Moment zu einer \u00dcberflutung mit Informationen f\u00fchren. Deshalb ist Beratung wichtig und entscheidend f\u00fcr Ihren Erfolg. In Ihrem pers\u00f6nlichen Profil sehen Sie alle abgelaufenen Wetten und k\u00f6nnen Ihre eigene Strategie deshalb jederzeit anpassen. Verfolgen Sie Ihre Wetthistorie, managen Sie Ihr Guthaben und behalten Sie den \u00dcberblick \u00fcber laufende Wetten &#8211; alles mit einem einzigen Zugangspunkt. Durch die Kooperation mit Fun-Entertain.de wird Ihnen dieser exklusive Service geboten, der Ihre Wettaktivit\u00e4ten sowohl online als auch offline verbindet.<\/p>\n<p>Mit einer beeindruckenden Auswahl an t\u00e4glichen Live-Events werden Sie Teil der Action und k\u00f6nnen Ihre Wetten im Herzen des Geschehens platzieren. Fun-Entertain.de f\u00fchrt Sie in diese dynamische Welt, wo jede Sekunde z\u00e4hlt und jede Spielentwicklung eine neue Chance darstellt. TipWin, unterst\u00fctzt durch Fun-Entertain.de, steht f\u00fcr eine neue \u00c4ra der Sportwetten. Mit einem umfassenden Angebot, modernster Technologie und einer starken Kundenorientierung bietet TipWin ein rundum sorgloses Wettvergn\u00fcgen. Ob im heimischen Wohnzimmer oder unterwegs &#8211; bei TipWin sind Sie immer in der Pole Position. Entdecken Sie jetzt \u00fcber <em><strong>Fun-Entertain.de<\/strong><\/em>, wie TipWin Ihre Wetten auf das n\u00e4chste Level hebt.[\/vc_column_text][\/vc_column][\/vc_row]<\/p>\n<\/div>","protected":false},"excerpt":{"rendered":"<p>[vc_section css=&#8221;.vc_custom_1530636267617{margin-top: 0px !important;}&#8221;][vc_row bg_type=&#8221;bg_color&#8221; bg_override=&#8221;full&#8221; css=&#8221;.vc_custom_1699193042843{margin-top: 0px !important;padding-top: -25px !important;}&#8221;][vc_column css=&#8221;.vc_custom_1530636648379{padding-top: 0px !important;}&#8221;][vc_empty_space height=&#8221;40px&#8221;][vc_single_image image=&#8221;5074&#8243; img_size=&#8221;medium&#8221; alignment=&#8221;center&#8221; css=&#8221;.vc_custom_1699192904962{margin-top: 0px !important;padding-top: -25px !important;}&#8221; el_id=&#8221;tipico-bild&#8221;][\/vc_column][\/vc_row][vc_row][vc_column][vc_empty_space height=&#8221;50px&#8221;][\/vc_column][\/vc_row][\/vc_section][vc_row][vc_column width=&#8221;1\/2&#8243;][vc_column_text css_animation=&#8221;appear&#8221; h1_css=&#8221;{.vc_customizer_1525782952568}font-weight:200;&#8221; h2_css=&#8221;{.vc_customizer_1525782952570}&#8221; h3_css=&#8221;{.vc_customizer_1525782952570}&#8221; h4_css=&#8221;{.vc_customizer_1525782952572}&#8221; h5_css=&#8221;{.vc_customizer_1525782952572}&#8221; h6_css=&#8221;{.vc_customizer_1525782952572}&#8221; p_css=&#8221;{.vc_customizer_1525782952572}&#8221; link_css=&#8221;{.vc_customizer_1525782952574}&#8221; list_css=&#8221;{.vc_customizer_1525782952574}&#8221;] TipWin-Filialen in Wetzlar Niedergirmeser Weg 19, 35576 Wetzlar \u00d6ffnungszeiten: Montag &#8211; Sonntag: 11:00 &#8211; 23:00 Uhr [\/vc_column_text][\/vc_column][vc_column width=&#8221;1\/2&#8243;][vc_column_text] TipWin&hellip;<\/p>\n","protected":false},"author":1,"featured_media":0,"parent":0,"menu_order":0,"comment_status":"closed","ping_status":"closed","template":"","meta":{"inline_featured_image":false,"footnotes":""},"class_list":["post-5101","page","type-page","status-publish","hentry","description-off"],"translation":{"provider":"WPGlobus","version":"3.0.0","language":"tr","enabled_languages":["de","en","tr"],"languages":{"de":{"title":true,"content":true,"excerpt":false},"en":{"title":false,"content":false,"excerpt":false},"tr":{"title":true,"content":false,"excerpt":false}}},"_links":{"self":[{"href":"https:\/\/www.fun-entertain.de\/tr\/wp-json\/wp\/v2\/pages\/5101","targetHints":{"allow":["GET"]}}],"collection":[{"href":"https:\/\/www.fun-entertain.de\/tr\/wp-json\/wp\/v2\/pages"}],"about":[{"href":"https:\/\/www.fun-entertain.de\/tr\/wp-json\/wp\/v2\/types\/page"}],"author":[{"embeddable":true,"href":"https:\/\/www.fun-entertain.de\/tr\/wp-json\/wp\/v2\/users\/1"}],"replies":[{"embeddable":true,"href":"https:\/\/www.fun-entertain.de\/tr\/wp-json\/wp\/v2\/comments?post=5101"}],"version-history":[{"count":3,"href":"https:\/\/www.fun-entertain.de\/tr\/wp-json\/wp\/v2\/pages\/5101\/revisions"}],"predecessor-version":[{"id":5140,"href":"https:\/\/www.fun-entertain.de\/tr\/wp-json\/wp\/v2\/pages\/5101\/revisions\/5140"}],"wp:attachment":[{"href":"https:\/\/www.fun-entertain.de\/tr\/wp-json\/wp\/v2\/media?parent=5101"}],"curies":[{"name":"wp","href":"https:\/\/api.w.org\/{rel}","templated":true}]}}