{"id":5041,"date":"2023-10-03T15:16:55","date_gmt":"2023-10-03T13:16:55","guid":{"rendered":"https:\/\/www.fun-entertain.de\/?page_id=5041"},"modified":"2025-04-14T17:55:58","modified_gmt":"2025-04-14T15:55:58","slug":"personalsachbearbeiter","status":"publish","type":"page","link":"https:\/\/www.fun-entertain.de\/tr\/personalsachbearbeiter\/","title":{"rendered":"Kariyer"},"content":{"rendered":"<div class=\"wpb-content-wrapper\"><p>[vc_row][vc_column][rev_slider_vc alias=&#8221;job&#8221;][\/vc_column][\/vc_row][vc_section css=&#8221;.vc_custom_1530636267617{margin-top: 0px !important;}&#8221;][vc_row bg_type=&#8221;bg_color&#8221; bg_override=&#8221;full&#8221; bg_color_value=&#8221;#d61919&#8243; css=&#8221;.vc_custom_1530723614843{margin-top: 0px !important;padding-top: -25px !important;}&#8221;][vc_column css=&#8221;.vc_custom_1530636648379{padding-top: 0px !important;}&#8221;][vc_empty_space height=&#8221;40px&#8221;][vc_single_image image=&#8221;4621&#8243; img_size=&#8221;medium&#8221; alignment=&#8221;center&#8221; css=&#8221;.vc_custom_1531063874980{margin-top: 0px !important;padding-top: -25px !important;}&#8221; el_id=&#8221;tipico-bild&#8221;][\/vc_column][\/vc_row][vc_row][vc_column][vc_empty_space height=&#8221;50px&#8221;][\/vc_column][\/vc_row][\/vc_section][vc_column][\/vc_column][vc_section][vc_row][vc_column width=&#8221;5\/6&#8243;][vc_column_text]<\/p>\n<h1 style=\"text-align: left;\">Fun Entertain\u2019de Kariyer<\/h1>\n<h2 style=\"text-align: left;\">Servis \u00c7al\u0131\u015fan\u0131<\/h2>\n<p style=\"text-align: left;\">Bayilerimizde hizmet alan\u0131nda, minijob \u015feklinde, s\u00fcresiz g\u00f6rev alabilecek, tercihen gastronomi tecr\u00fcbesi bulunan \u00e7al\u0131\u015fma arkada\u015flar\u0131 ar\u0131yoruz. D\u0131\u015f g\u00f6r\u00fcn\u00fc\u015fe \u00f6zen g\u00f6steren, \u00e7al\u0131\u015fkan ve g\u00fcler y\u00fczl\u00fc olman\u0131z tercih unsurudur.<\/p>\n<p style=\"text-align: left;\">Ba\u015fvurular\u0131n\u0131z\u0131 memnuniyetle bekliyoruz!<\/p>\n<p style=\"text-align: left;\">Sayg\u0131de\u011fer Adaylar,<\/p>\n<p style=\"text-align: left;\">kurumumuza ba\u015fvurmak istemeniz bizi memnun ediyor.<\/p>\n<p style=\"text-align: left;\">L\u00fctfen ba\u015fvuru formunu eksiksiz doldurun. Size ivedilikle geri d\u00f6n\u00fclecek ve gerekti\u011finde is g\u00f6r\u00fc\u015fmesi i\u00e7in randevu verilecektir.<\/p>\n<p>[\/vc_column_text][vc_row_inner][vc_column_inner][\/vc_column_inner][\/vc_row_inner][\/vc_column][vc_column width=&#8221;1\/6&#8243;][\/vc_column][\/vc_row][vc_row][vc_column width=&#8221;5\/6&#8243;][vc_column_text el_class=&#8221;turkish-jobs-div&#8221;]\n<div class=\"wpcf7 no-js\" id=\"wpcf7-f4739-o1\" lang=\"de-DE\" dir=\"ltr\" data-wpcf7-id=\"4739\">\n<div class=\"screen-reader-response\"><p role=\"status\" aria-live=\"polite\" aria-atomic=\"true\"><\/p> <ul><\/ul><\/div>\n<form action=\"\/tr\/wp-json\/wp\/v2\/pages\/5041#wpcf7-f4739-o1\" method=\"post\" class=\"wpcf7-form init\" aria-label=\"Contact form\" enctype=\"multipart\/form-data\" novalidate=\"novalidate\" data-status=\"init\">\n<fieldset class=\"hidden-fields-container\"><input type=\"hidden\" name=\"_wpcf7\" value=\"4739\" \/><input type=\"hidden\" name=\"_wpcf7_version\" value=\"6.1.5\" \/><input type=\"hidden\" name=\"_wpcf7_locale\" value=\"de_DE\" \/><input type=\"hidden\" name=\"_wpcf7_unit_tag\" value=\"wpcf7-f4739-o1\" \/><input type=\"hidden\" name=\"_wpcf7_container_post\" value=\"0\" \/><input type=\"hidden\" name=\"_wpcf7_posted_data_hash\" value=\"\" \/>\n<\/fieldset>\n<p>*gerekli alanlar\n<\/p>\n<div id=\"form-bewerbung\" class=\"form-zeile\">\n\t<p><label> Pozisyon:<\/label><br \/>\n<span class=\"wpcf7-form-control-wrap\" data-name=\"Bewerbung\"><select class=\"wpcf7-form-control wpcf7-select\" aria-invalid=\"false\" name=\"Bewerbung\"><option value=\"Salon \u00c7al\u0131\u015fan\u0131\">Salon \u00c7al\u0131\u015fan\u0131<\/option><option value=\"Elektrik\u00e7i\">Elektrik\u00e7i<\/option><option value=\"Ofis \u00c7al\u0131\u015fan\u0131\">Ofis \u00c7al\u0131\u015fan\u0131<\/option><\/select><\/span>\n\t<\/p>\n<\/div>\n<div id=\"form-anrede\" class=\"form-zeile\">\n\t<p><label> Hitap:<\/label><br \/>\n<span class=\"wpcf7-form-control-wrap\" data-name=\"Anrede\"><span class=\"wpcf7-form-control wpcf7-radio\"><span class=\"wpcf7-list-item first\"><input type=\"radio\" name=\"Anrede\" value=\"Bay\" checked=\"checked\" \/><span class=\"wpcf7-list-item-label\">Bay<\/span><\/span><span class=\"wpcf7-list-item last\"><input type=\"radio\" name=\"Anrede\" value=\"Bayan\" \/><span class=\"wpcf7-list-item-label\">Bayan<\/span><\/span><\/span><\/span>\n\t<\/p>\n<\/div>\n<div id=\"form-vorname\" class=\"form-zeile\">\n\t<p><label> \u0130sim:*<br \/>\n<span class=\"wpcf7-form-control-wrap\" data-name=\"vorname\"><input size=\"40\" maxlength=\"400\" class=\"wpcf7-form-control wpcf7-text wpcf7-validates-as-required\" aria-required=\"true\" aria-invalid=\"false\" value=\"\" type=\"text\" name=\"vorname\" \/><\/span> <\/label>\n\t<\/p>\n<\/div>\n<div id=\"form-nachname\" class=\"form-zeile\">\n\t<p><label> Soyisim:*<br \/>\n<span class=\"wpcf7-form-control-wrap\" data-name=\"nachname\"><input size=\"40\" maxlength=\"400\" class=\"wpcf7-form-control wpcf7-text wpcf7-validates-as-required\" aria-required=\"true\" aria-invalid=\"false\" value=\"\" type=\"text\" name=\"nachname\" \/><\/span> <\/label>\n\t<\/p>\n<\/div>\n<div id=\"form-gebdatum\" class=\"form-zeile\">\n\t<p><label> Do\u011fum Tarihi:*<\/label><br \/>\n<span class=\"wpcf7-form-control-wrap\" data-name=\"Geburtsdatum\"><input size=\"40\" maxlength=\"400\" class=\"wpcf7-form-control wpcf7-text wpcf7-validates-as-required\" aria-required=\"true\" aria-invalid=\"false\" placeholder=\"mm.tt.jjjj\" value=\"\" type=\"text\" name=\"Geburtsdatum\" \/><\/span>\n\t<\/p>\n<\/div>\n<div id=\"form-str\" class=\"form-zeile\">\n\t<p><label> Adress:*<br \/>\n<span class=\"wpcf7-form-control-wrap\" data-name=\"strasse\"><input size=\"40\" maxlength=\"400\" class=\"wpcf7-form-control wpcf7-text wpcf7-validates-as-required\" aria-required=\"true\" aria-invalid=\"false\" value=\"\" type=\"text\" name=\"strasse\" \/><\/span> <\/label>\n\t<\/p>\n<\/div>\n<div id=\"form-plzort\" class=\"form-zeile\">\n\t<p><label> \u015eehir:*<br \/>\n<span class=\"wpcf7-form-control-wrap\" data-name=\"plzort\"><input size=\"40\" maxlength=\"400\" class=\"wpcf7-form-control wpcf7-text wpcf7-validates-as-required\" aria-required=\"true\" aria-invalid=\"false\" value=\"\" type=\"text\" name=\"plzort\" \/><\/span> <\/label>\n\t<\/p>\n<\/div>\n<div id=\"form-email\" class=\"form-zeile\">\n\t<p><label> eposta:*<br \/>\n<span class=\"wpcf7-form-control-wrap\" data-name=\"your-email\"><input size=\"40\" maxlength=\"400\" class=\"wpcf7-form-control wpcf7-email wpcf7-validates-as-required wpcf7-text wpcf7-validates-as-email\" aria-required=\"true\" aria-invalid=\"false\" value=\"\" type=\"email\" name=\"your-email\" \/><\/span> <\/label>\n\t<\/p>\n<\/div>\n<div id=\"form-tel\" class=\"form-zeile\">\n\t<p><label> Tel. no.:<br \/>\n<span class=\"wpcf7-form-control-wrap\" data-name=\"telefonnummer\"><input size=\"40\" maxlength=\"400\" class=\"wpcf7-form-control wpcf7-tel wpcf7-text wpcf7-validates-as-tel\" aria-invalid=\"false\" value=\"\" type=\"tel\" name=\"telefonnummer\" \/><\/span><\/label>\n\t<\/p>\n<\/div>\n<div id=\"form-handy\" class=\"form-zeile\">\n\t<p><label> Cep no.:*<br \/>\n<span class=\"wpcf7-form-control-wrap\" data-name=\"handynummer\"><input size=\"40\" maxlength=\"400\" class=\"wpcf7-form-control wpcf7-tel wpcf7-validates-as-required wpcf7-text wpcf7-validates-as-tel\" aria-required=\"true\" aria-invalid=\"false\" value=\"\" type=\"tel\" name=\"handynummer\" \/><\/span><\/label>\n\t<\/p>\n<\/div>\n<div id=\"form-anzeige\" class=\"form-zeile\">\n\t<p><label> \u0130\u015f ilan\u0131n\u0131 nerde g\u00f6rd\u00fcn\u00fcz?:*<\/label><br \/>\n<span class=\"wpcf7-form-control-wrap\" data-name=\"stellenanzeige\"><select class=\"wpcf7-form-control wpcf7-select wpcf7-validates-as-required\" aria-required=\"true\" aria-invalid=\"false\" name=\"stellenanzeige\"><option value=\"Gazete\">Gazete<\/option><option value=\"\u0130\u015f-Kur\">\u0130\u015f-Kur<\/option><option value=\"\u0130nisiyatif Ba\u015fvuru\">\u0130nisiyatif Ba\u015fvuru<\/option><option value=\"Bayii\">Bayii<\/option><\/select><\/span>\n\t<\/p>\n<\/div>\n<div id=\"form-standort\" class=\"form-zeile\">\n\t<p><label> Yer:*<\/label><br \/>\n<span class=\"wpcf7-form-control-wrap\" data-name=\"standort\"><select class=\"wpcf7-form-control wpcf7-select wpcf7-validates-as-required\" aria-required=\"true\" aria-invalid=\"false\" name=\"standort\"><option value=\"Duisburg\">Duisburg<\/option><option value=\"Dorsten\">Dorsten<\/option><option value=\"D\u00fcsseldorf\">D\u00fcsseldorf<\/option><option value=\"K\u00f6ln\">K\u00f6ln<\/option><option value=\"Moers\">Moers<\/option><option value=\"M\u00fclheim\">M\u00fclheim<\/option><option value=\"Voerde\">Voerde<\/option><option value=\"Wetzlar\">Wetzlar<\/option><\/select><\/span>\n\t<\/p>\n<\/div>\n<div id=\"form-arbeiszeit\" class=\"form-zeile\">\n\t<p><label> \u00c7al\u0131\u015fma \u015fekli:<\/label><br \/>\n<span class=\"wpcf7-form-control-wrap\" data-name=\"Arbeitszeit\"><select class=\"wpcf7-form-control wpcf7-select\" aria-invalid=\"false\" name=\"Arbeitszeit\"><option value=\"Tam zamanl\u0131\">Tam zamanl\u0131<\/option><option value=\"Yar\u0131 zamanl\u0131\">Yar\u0131 zamanl\u0131<\/option><\/select><\/span>\n\t<\/p>\n<\/div>\n<div id=\"form-teilzeit\" class=\"form-zeile\">\n\t<p><label> Yar\u0131 Zamanda | Haftal\u0131k \u00e7al\u0131\u015fma saati:<\/label><br \/>\n<span class=\"wpcf7-form-control-wrap\" data-name=\"teilzeitstunden\"><select class=\"wpcf7-form-control wpcf7-select\" aria-invalid=\"false\" name=\"teilzeitstunden\"><option value=\"Tam zamanl\u0131\">Tam zamanl\u0131<\/option><option value=\"bis 15 Stunden\">bis 15 Stunden<\/option><option value=\"bis 25 Stunden\">bis 25 Stunden<\/option><option value=\"bis 30 Stunden\">bis 30 Stunden<\/option><\/select><\/span>\n\t<\/p>\n<\/div>\n<div id=\"form-schulbildung\" class=\"form-zeile\">\n\t<p><label> E\u011fitim Seviyesi :*<\/label><br \/>\n<span class=\"wpcf7-form-control-wrap\" data-name=\"schulbildung\"><select class=\"wpcf7-form-control wpcf7-select wpcf7-validates-as-required\" aria-required=\"true\" aria-invalid=\"false\" name=\"schulbildung\"><option value=\"Lise terk\">Lise terk<\/option><option value=\"Lise\">Lise<\/option><option value=\"Lisans\">Lisans<\/option><option value=\"Y\u00fcksek Lisans\">Y\u00fcksek Lisans<\/option><\/select><\/span>\n\t<\/p>\n<\/div>\n<div id=\"form-lebenslauf\" class=\"form-zeile\">\n\t<p><label> \u00d6z Ge\u00e7mi\u015f:<\/label><br \/>\n<span class=\"wpcf7-form-control-wrap\" data-name=\"lebenslauf\"><input size=\"40\" class=\"wpcf7-form-control wpcf7-file\" accept=\".pdf,.jpg,.png,.doc,.docx,.txt,.gif,.jpeg\" aria-invalid=\"false\" type=\"file\" name=\"lebenslauf\" \/><\/span>\n\t<\/p>\n<\/div>\n<div id=\"form-foto\" class=\"form-zeile\">\n\t<p><label> Foto:<\/label><br \/>\n<span class=\"wpcf7-form-control-wrap\" data-name=\"foto\"><input size=\"40\" class=\"wpcf7-form-control wpcf7-file\" accept=\".pdf,.jpg,.png,.doc,.docx,.txt,.gif,.jpeg\" aria-invalid=\"false\" type=\"file\" name=\"foto\" \/><\/span>\n\t<\/p>\n<\/div>\n<div id=\"form-anschreiben\" class=\"form-zeile\">\n\t<p><label> \u00d6nyaz\u0131:<\/label><br \/>\n<span class=\"wpcf7-form-control-wrap\" data-name=\"anschreiben\"><input size=\"40\" class=\"wpcf7-form-control wpcf7-file\" accept=\".pdf,.jpg,.png,.doc,.docx,.txt,.gif,.jpeg\" aria-invalid=\"false\" type=\"file\" name=\"anschreiben\" \/><\/span>\n\t<\/p>\n<\/div>\n<div id=\"form-arbeitszeugniseins\" class=\"form-zeile\">\n\t<p><label> 1. \u00c7al\u0131\u015fma Belgesi:<\/label><br \/>\n<span class=\"wpcf7-form-control-wrap\" data-name=\"arbeiszeugniseins\"><input size=\"40\" class=\"wpcf7-form-control wpcf7-file\" accept=\".pdf,.jpg,.png,.doc,.docx,.txt,.gif,.jpeg\" aria-invalid=\"false\" type=\"file\" name=\"arbeiszeugniseins\" \/><\/span>\n\t<\/p>\n<\/div>\n<div id=\"form-arbeitszeugniszwei\" class=\"form-zeile\">\n\t<p><label> 2. \u00c7al\u0131\u015fma Belgesi:<\/label><br \/>\n<span class=\"wpcf7-form-control-wrap\" data-name=\"arbeiszeugniszwei\"><input size=\"40\" class=\"wpcf7-form-control wpcf7-file\" accept=\".pdf,.jpg,.png,.doc,.docx,.txt,.gif,.jpeg\" aria-invalid=\"false\" type=\"file\" name=\"arbeiszeugniszwei\" \/><\/span>\n\t<\/p>\n<\/div>\n<div id=\"form-arbeitszeugnisdrei\" class=\"form-zeile\">\n\t<p><label> 3. \u00c7al\u0131\u015fma Belgesi:<\/label><br \/>\n<span class=\"wpcf7-form-control-wrap\" data-name=\"arbeiszeugnisdrei\"><input size=\"40\" class=\"wpcf7-form-control wpcf7-file\" accept=\".pdf,.jpg,.png,.doc,.docx,.txt,.gif,.jpeg\" aria-invalid=\"false\" type=\"file\" name=\"arbeiszeugnisdrei\" \/><\/span>\n\t<\/p>\n<\/div>\n<div id=\"form-betreff\" class=\"form-zeile\">\n\t<p><label> Konu<br \/>\n<span class=\"wpcf7-form-control-wrap\" data-name=\"betreff\"><input size=\"40\" maxlength=\"400\" class=\"wpcf7-form-control wpcf7-text\" aria-invalid=\"false\" value=\"\" type=\"text\" name=\"betreff\" \/><\/span> <\/label>\n\t<\/p>\n<\/div>\n<div id=\"form-nachricht\" class=\"form-zeile\">\n\t<p><label> Mesaj<br \/>\n<span class=\"wpcf7-form-control-wrap\" data-name=\"nachricht\"><textarea cols=\"40\" rows=\"10\" maxlength=\"2000\" class=\"wpcf7-form-control wpcf7-textarea\" aria-invalid=\"false\" name=\"nachricht\"><\/textarea><\/span> <\/label>\n\t<\/p>\n<\/div>\n<p><span class=\"wpcf7-form-control-wrap\" data-name=\"creditreform\"><span class=\"wpcf7-form-control wpcf7-acceptance\"><span class=\"wpcf7-list-item\"><label><input type=\"checkbox\" name=\"creditreform\" value=\"1\" aria-invalid=\"false\" \/><span class=\"wpcf7-list-item-label\">Fun Entertain GmbH'nin benim hakk\u0131mda bilgileri Creditreform'dan edinebilece\u011fini kabul ediyorum.*<\/span><\/label><\/span><\/span><\/span><br \/>\n<span class=\"wpcf7-form-control-wrap\" data-name=\"Datenschutzhinweis\"><span class=\"wpcf7-form-control wpcf7-acceptance\"><span class=\"wpcf7-list-item\"><label><input type=\"checkbox\" name=\"Datenschutzhinweis\" value=\"1\" aria-invalid=\"false\" \/><span class=\"wpcf7-list-item-label\">Veri koruma <a href=\"https:\/\/www.fun-entertain.de\/datenschutzhinweise-fuer-m-w-d\/\" target=\"_blank\">politikas\u0131n\u0131<\/a> okudum ve kabul ediyorum.*<\/span><\/label><\/span><\/span><\/span>\n<\/p>\n<p><input class=\"wpcf7-form-control wpcf7-submit has-spinner\" type=\"submit\" value=\"G\u00f6nder\" \/>\n<\/p><div class=\"wpcf7-response-output\" aria-hidden=\"true\"><\/div>\n<\/form>\n<\/div>\n[\/vc_column_text][\/vc_column][vc_column width=&#8221;1\/6&#8243;][\/vc_column][\/vc_row][\/vc_section][vc_section][vc_row disable_element=&#8221;yes&#8221;][vc_column][vc_column_text css_animation=&#8221;right-to-left&#8221; h1_css=&#8221;{.vc_customizer_1452843909098}&#8221; h2_css=&#8221;{.vc_customizer_1452843909099}&#8221; h3_css=&#8221;{.vc_customizer_1452843909100}&#8221; h4_css=&#8221;{.vc_customizer_1452843909101}&#8221; h5_css=&#8221;{.vc_customizer_1452843909102}&#8221; h6_css=&#8221;{.vc_customizer_1452843909102}&#8221; p_css=&#8221;{.vc_customizer_1452843909103}&#8221; link_css=&#8221;{.vc_customizer_1452843909104}&#8221; list_css=&#8221;{.vc_customizer_1452843909104}&#8221;][si-contact-form form=&#8217;1&#8242;]<\/p>\n<p>[\/vc_column_text][\/vc_column][\/vc_row][\/vc_section][vc_section el_id=&#8221;Abbinder-Seite&#8221;][vc_row bg_type=&#8221;bg_color&#8221; bg_override=&#8221;full&#8221; seperator_enable=&#8221;seperator_enable_value&#8221; seperator_type=&#8221;xlarge_circle_seperator&#8221; seperator_shape_background=&#8221;#e2e2e2&#8243; bg_color_value=&#8221;#d61919&#8243;][vc_column][vc_empty_space height=&#8221;25px&#8221;]<div id=\"ult-carousel-58410990669f13e5bad051\" class=\"ult-carousel-wrapper   ult_horizontal\" data-gutter=\"15\" data-rtl=\"false\" ><div class=\"ult-carousel-163688227869f13e5bacf5b \" >[vc_single_image image=&#8221;3919&#8243; img_size=&#8221;150&#215;150&#8243;][vc_single_image image=&#8221;3880&#8243; img_size=&#8221;150&#215;150&#8243;][vc_single_image image=&#8221;3929&#8243; img_size=&#8221;150&#215;150&#8243;][vc_single_image image=&#8221;3913&#8243; img_size=&#8221;150&#215;150&#8243;][vc_single_image image=&#8221;3888&#8243; img_size=&#8221;150&#215;150&#8243;]<\/div><\/div>\t\t\t<script type=\"text\/javascript\">\n\t\t\t\tjQuery(document).ready(function ($) {\n\t\t\t\t\tif( typeof jQuery('.ult-carousel-163688227869f13e5bacf5b').slick == \"function\"){\n\t\t\t\t\t\t$('.ult-carousel-163688227869f13e5bacf5b').slick({dots: true,autoplay: true,autoplaySpeed: \"5000\",speed: \"300\",infinite: true,arrows: true,nextArrow: '<button type=\"button\" role=\"button\" aria-label=\"Next\" style=\"color:#333333; font-size:20px;\" class=\"slick-next default\"><i class=\"ultsl-arrow-right4\"><\/i><\/button>',prevArrow: '<button type=\"button\" role=\"button\" aria-label=\"Previous\" style=\"color:#333333; font-size:20px;\" class=\"slick-prev default\"><i class=\"ultsl-arrow-left4\"><\/i><\/button>',slidesToScroll:5,slidesToShow:5,swipe: true,draggable: true,touchMove: true,pauseOnHover: true,pauseOnFocus: false,adaptiveHeight: true,responsive: [\n\t\t\t\t\t\t\t{\n\t\t\t\t\t\t\t  breakpoint: 1026,\n\t\t\t\t\t\t\t  settings: {\n\t\t\t\t\t\t\t\tslidesToShow: 5,\n\t\t\t\t\t\t\t\tslidesToScroll: 5,  \n\t\t\t\t\t\t\t  }\n\t\t\t\t\t\t\t},\n\t\t\t\t\t\t\t{\n\t\t\t\t\t\t\t  breakpoint: 1025,\n\t\t\t\t\t\t\t  settings: {\n\t\t\t\t\t\t\t\tslidesToShow: 3,\n\t\t\t\t\t\t\t\tslidesToScroll: 3\n\t\t\t\t\t\t\t  }\n\t\t\t\t\t\t\t},\n\t\t\t\t\t\t\t{\n\t\t\t\t\t\t\t  breakpoint: 760,\n\t\t\t\t\t\t\t  settings: {\n\t\t\t\t\t\t\t\tslidesToShow: 2,\n\t\t\t\t\t\t\t\tslidesToScroll: 2\n\t\t\t\t\t\t\t  }\n\t\t\t\t\t\t\t}\n\t\t\t\t\t\t],pauseOnDotsHover: true,customPaging: function(slider, i) {\n                   return '<i type=\"button\" style= \"color:#333333;\" class=\"ultsl-record\" data-role=\"none\"><\/i>';\n                },});\n\t\t\t\t\t}\n\t\t\t\t});\n\t\t\t<\/script>\n\t\t\t[\/vc_column][\/vc_row][\/vc_section]<\/p>\n<\/div>","protected":false},"excerpt":{"rendered":"<p>[vc_row][vc_column][rev_slider_vc alias=&#8221;job&#8221;][\/vc_column][\/vc_row][vc_section css=&#8221;.vc_custom_1530636267617{margin-top: 0px !important;}&#8221;][vc_row bg_type=&#8221;bg_color&#8221; bg_override=&#8221;full&#8221; bg_color_value=&#8221;#d61919&#8243; css=&#8221;.vc_custom_1530723614843{margin-top: 0px !important;padding-top: -25px !important;}&#8221;][vc_column css=&#8221;.vc_custom_1530636648379{padding-top: 0px !important;}&#8221;][vc_empty_space height=&#8221;40px&#8221;][vc_single_image image=&#8221;4621&#8243; img_size=&#8221;medium&#8221; alignment=&#8221;center&#8221; css=&#8221;.vc_custom_1531063874980{margin-top: 0px !important;padding-top: -25px !important;}&#8221; el_id=&#8221;tipico-bild&#8221;][\/vc_column][\/vc_row][vc_row][vc_column][vc_empty_space height=&#8221;50px&#8221;][\/vc_column][\/vc_row][\/vc_section][vc_column][\/vc_column][vc_section][vc_row][vc_column width=&#8221;5\/6&#8243;][vc_column_text] Fun Entertain\u2019de Kariyer Servis \u00c7al\u0131\u015fan\u0131 Bayilerimizde hizmet alan\u0131nda, minijob \u015feklinde, s\u00fcresiz g\u00f6rev alabilecek, tercihen gastronomi tecr\u00fcbesi bulunan \u00e7al\u0131\u015fma arkada\u015flar\u0131 ar\u0131yoruz. D\u0131\u015f g\u00f6r\u00fcn\u00fc\u015fe \u00f6zen g\u00f6steren, \u00e7al\u0131\u015fkan ve g\u00fcler&hellip;<\/p>\n","protected":false},"author":1,"featured_media":0,"parent":0,"menu_order":0,"comment_status":"closed","ping_status":"closed","template":"","meta":{"inline_featured_image":false,"footnotes":""},"class_list":["post-5041","page","type-page","status-publish","hentry","description-off"],"translation":{"provider":"WPGlobus","version":"3.0.0","language":"tr","enabled_languages":["de","en","tr"],"languages":{"de":{"title":true,"content":true,"excerpt":false},"en":{"title":true,"content":true,"excerpt":false},"tr":{"title":true,"content":true,"excerpt":false}}},"_links":{"self":[{"href":"https:\/\/www.fun-entertain.de\/tr\/wp-json\/wp\/v2\/pages\/5041","targetHints":{"allow":["GET"]}}],"collection":[{"href":"https:\/\/www.fun-entertain.de\/tr\/wp-json\/wp\/v2\/pages"}],"about":[{"href":"https:\/\/www.fun-entertain.de\/tr\/wp-json\/wp\/v2\/types\/page"}],"author":[{"embeddable":true,"href":"https:\/\/www.fun-entertain.de\/tr\/wp-json\/wp\/v2\/users\/1"}],"replies":[{"embeddable":true,"href":"https:\/\/www.fun-entertain.de\/tr\/wp-json\/wp\/v2\/comments?post=5041"}],"version-history":[{"count":8,"href":"https:\/\/www.fun-entertain.de\/tr\/wp-json\/wp\/v2\/pages\/5041\/revisions"}],"predecessor-version":[{"id":5227,"href":"https:\/\/www.fun-entertain.de\/tr\/wp-json\/wp\/v2\/pages\/5041\/revisions\/5227"}],"wp:attachment":[{"href":"https:\/\/www.fun-entertain.de\/tr\/wp-json\/wp\/v2\/media?parent=5041"}],"curies":[{"name":"wp","href":"https:\/\/api.w.org\/{rel}","templated":true}]}}