{"id":4215,"date":"2017-02-08T09:02:14","date_gmt":"2017-02-08T09:02:14","guid":{"rendered":"http:\/\/www.fun-entertain.de\/?page_id=4215"},"modified":"2025-11-25T08:14:33","modified_gmt":"2025-11-25T07:14:33","slug":"tipwin-filiale-voerde","status":"publish","type":"page","link":"https:\/\/www.fun-entertain.de\/tr\/tipwin-filiale-voerde\/","title":{"rendered":"Voerde\u2019de Tipico Bayileri"},"content":{"rendered":"<div class=\"wpb-content-wrapper\"><p>[vc_row][vc_column width=&#8221;1\/2&#8243;][vc_column_text css_animation=&#8221;appear&#8221; h1_css=&#8221;{.vc_customizer_1530030406822}font-weight:200;&#8221; h2_css=&#8221;{.vc_customizer_1530030406823}&#8221; h3_css=&#8221;{.vc_customizer_1530030406824}&#8221; h4_css=&#8221;{.vc_customizer_1530030406825}&#8221; h5_css=&#8221;{.vc_customizer_1530030406825}&#8221; h6_css=&#8221;{.vc_customizer_1530030406827}&#8221; p_css=&#8221;{.vc_customizer_1530030406827}&#8221; link_css=&#8221;{.vc_customizer_1530030406828}&#8221; list_css=&#8221;{.vc_customizer_1530030406829}&#8221;]<\/p>\n<h1>Voerde\u2019de Tipico Bayileri<\/h1>\n<p>Friedrichsfelder Str. 3<\/p>\n<p>46562 Voerde<\/p>\n<p><em><strong>\u00c7al\u0131\u015fma Saatleri:<\/strong><\/em><\/p>\n<p>Pazartesi \u2013 Pazar: Saat 11:00-23:00<\/p>\n<p><iframe loading=\"lazy\" style=\"border: 0px currentColor;\" src=\"https:\/\/www.google.com\/maps\/embed?pb=!1m18!1m12!1m3!1d2478.425481967814!2d6.681804315887042!3d51.59709211196201!2m3!1f0!2f0!3f0!3m2!1i1024!2i768!4f13.1!3m3!1m2!1s0x47b89121b3bee5cf%3A0x7e9f972bcf265de0!2sFriedrichsfelder+Str.+4%2C+46562+Voerde+(Niederrhein)!5e0!3m2!1sde!2sde!4v1486540894577\" width=\"400\" height=\"300\" frameborder=\"0\" allowfullscreen=\"allowfullscreen\"><\/iframe>[\/vc_column_text][\/vc_column][vc_column width=&#8221;1\/2&#8243;][vc_column_text]<\/p>\n<h2 style=\"text-align: left;\">Tipico spor bahsi hakk\u0131nda<\/h2>\n<p>Tipico 2004 y\u0131l\u0131nda ticaret \u015firketi olarak Malta\u2019da kuruldu. Bu arada Tipico, Almanya ve di\u011fer \u00fclkelerde 1.200 bahis bayii a\u00e7t\u0131 ve ba\u015flang\u0131\u00e7tan bu yana internette de hizmet veriyor. Duisburg, K\u00f6ln, M\u00fcnih ve Hamburg gibi b\u00fcy\u00fck \u015fehirlerde, say\u0131s\u0131zca Tipico bayi bulmak m\u00fcmk\u00fcn. Tipico Almanya ve Malta\u2019da 800 \u00e7al\u0131\u015fana istihdam sa\u011fl\u0131yor ve 1,1 milyon m\u00fc\u015fteriye hizmet veriyor.<\/p>\n<p><strong>Bahis Sunumu<\/strong><\/p>\n<p>Futbolun yan\u0131 s\u0131ra bir \u00e7ok spor dal\u0131 i\u00e7in bahis sunuluyor: Buzhokeyi, Tenis, Basketbol, Hentbol, Motor Sporlar\u0131, Beyzbol, Amerikan Futbolu, Boks, Golf, Olimpiyat Oyunlar\u0131 vs. Fakat ana odak, bir\u00e7ok bahis severin favorisi olan futboldad\u0131r ve ba\u015fl\u0131ca bahisler Avrupa ligleri ve Bundesliga ile ilgilidir. Zengin bahis sunumu, Avrupa\u2019n\u0131n \u00e7e\u015fitli amat\u00f6r liglerini de kaps\u0131yor.<\/p>\n<p><strong>Bahis bayileri<\/strong><\/p>\n<p>Tipico bahis bayileri, belirgin k\u0131rm\u0131z\u0131-beyaz tasar\u0131mlar\u0131 sayesinde g\u00f6zden ka\u00e7mas\u0131 imkans\u0131z. 100 metrekareden daha geni\u015f mekanlar\u0131nda say\u0131s\u0131zca TV-ekran\u0131ndan bir \u00e7ok canl\u0131 spor m\u00fcsabakas\u0131 verilmekte. G\u00fcncel bahis programlar\u0131 da belirgin \u015fekilde ekranlara yans\u0131t\u0131l\u0131yor. Fakat bahis bayi sadece bahis oyununa hizmet etmez. Sporseverler burada tecr\u00fcbelerini payla\u015f\u0131r ve spor m\u00fcsabakalar\u0131n\u0131 izlerken yiyecek ve i\u00e7ecek t\u00fcketir.<\/p>\n<p><strong>Bahis bayilerinin envanteri<\/strong><\/p>\n<p>Avrupa\u2019n\u0131n en modern kasa sistemi, bahis kuponlar\u0131n\u0131 alg\u0131lar. Ayr\u0131ca, say\u0131s\u0131zca bahis terminalinde bahis oynanabilir. \u00d6demesi ka\u011f\u0131t ve madeni para veya Tipico m\u00fc\u015fteri kart\u0131yla yap\u0131l\u0131r. Bahsin kazan\u0131lmas\u0131 durumunda m\u00fc\u015fteriye bir kupon verilir ve bu kuponla ya \u00f6demesi yap\u0131l\u0131r veya kazan\u0131lan tutar m\u00fc\u015fteri kart\u0131na y\u00fcklenir. \u0130laveten bulunan Multi-Touch terminalleri, sadece m\u00fc\u015fteri kart\u0131 olanlara hizmet sunuyor. Bu terminaller sadece spor bahsi sunmakla kalm\u0131yor, puan cetveli ve detayl\u0131 bilgiler gibi istatistik veriler de sa\u011fl\u0131yor. Almanya\u2019n\u0131n \u00e7e\u015fitli \u015fehirlerinde bulunan bahis bayileri, e\u015fde\u011fer ekipmana sahip ve b\u00f6ylece m\u00fc\u015fteriler her bayide al\u0131\u015f\u0131ld\u0131k ortamla kar\u015f\u0131la\u015f\u0131yor.<\/p>\n<p><strong>Bahis bayinin avantajlar\u0131<\/strong><\/p>\n<p>Sporseverlerle bilgi de\u011fi\u015fiminde bulunmak ve spor m\u00fcsabakalar\u0131n\u0131 canl\u0131 izlemek isteyenler, Tipico bayilerinde son model teknolojiyle donat\u0131lm\u0131\u015f rahat bir atmosfere kavu\u015fur. Tek ma\u00e7a veya birden \u00e7ok ma\u00e7a bahis yat\u0131rmak, kolayca terminal veya bahis kasas\u0131 \u00fczerinden ger\u00e7ekle\u015fir. Neredeyse hi\u00e7 bekleme kuyru\u011fu olu\u015fmaz ve \u00f6demeler nakit yap\u0131l\u0131r.<\/p>\n<p><strong>Sonu\u00e7 <\/strong><\/p>\n<p>Spor bahsi sekt\u00f6r\u00fcnde Tipico, Almanya\u2019n\u0131n lider markas\u0131 haline geldi. Bahis program\u0131 \u00e7e\u015fitli, bahis oranlar\u0131 ortalama \u00fcst\u00fc ve bayi a\u011f\u0131, \u00f6zellikle Almanya\u2019da, \u00e7ok geni\u015f.[\/vc_column_text][\/vc_column][\/vc_row]<\/p>\n<\/div>","protected":false},"excerpt":{"rendered":"<p>[vc_row][vc_column width=&#8221;1\/2&#8243;][vc_column_text css_animation=&#8221;appear&#8221; h1_css=&#8221;{.vc_customizer_1530030406822}font-weight:200;&#8221; h2_css=&#8221;{.vc_customizer_1530030406823}&#8221; h3_css=&#8221;{.vc_customizer_1530030406824}&#8221; h4_css=&#8221;{.vc_customizer_1530030406825}&#8221; h5_css=&#8221;{.vc_customizer_1530030406825}&#8221; h6_css=&#8221;{.vc_customizer_1530030406827}&#8221; p_css=&#8221;{.vc_customizer_1530030406827}&#8221; link_css=&#8221;{.vc_customizer_1530030406828}&#8221; list_css=&#8221;{.vc_customizer_1530030406829}&#8221;] Voerde\u2019de Tipico Bayileri Friedrichsfelder Str. 3 46562 Voerde \u00c7al\u0131\u015fma Saatleri: Pazartesi \u2013 Pazar: Saat 11:00-23:00 [\/vc_column_text][\/vc_column][vc_column width=&#8221;1\/2&#8243;][vc_column_text] Tipico spor bahsi hakk\u0131nda Tipico 2004 y\u0131l\u0131nda ticaret \u015firketi olarak Malta\u2019da kuruldu. Bu arada Tipico, Almanya ve di\u011fer \u00fclkelerde 1.200 bahis bayii a\u00e7t\u0131 ve ba\u015flang\u0131\u00e7tan bu&hellip;<\/p>\n","protected":false},"author":1,"featured_media":0,"parent":0,"menu_order":0,"comment_status":"closed","ping_status":"closed","template":"","meta":{"inline_featured_image":false,"footnotes":""},"class_list":["post-4215","page","type-page","status-publish","hentry","description-off"],"translation":{"provider":"WPGlobus","version":"3.0.0","language":"tr","enabled_languages":["de","en","tr"],"languages":{"de":{"title":true,"content":true,"excerpt":false},"en":{"title":false,"content":false,"excerpt":false},"tr":{"title":true,"content":true,"excerpt":false}}},"_links":{"self":[{"href":"https:\/\/www.fun-entertain.de\/tr\/wp-json\/wp\/v2\/pages\/4215","targetHints":{"allow":["GET"]}}],"collection":[{"href":"https:\/\/www.fun-entertain.de\/tr\/wp-json\/wp\/v2\/pages"}],"about":[{"href":"https:\/\/www.fun-entertain.de\/tr\/wp-json\/wp\/v2\/types\/page"}],"author":[{"embeddable":true,"href":"https:\/\/www.fun-entertain.de\/tr\/wp-json\/wp\/v2\/users\/1"}],"replies":[{"embeddable":true,"href":"https:\/\/www.fun-entertain.de\/tr\/wp-json\/wp\/v2\/comments?post=4215"}],"version-history":[{"count":9,"href":"https:\/\/www.fun-entertain.de\/tr\/wp-json\/wp\/v2\/pages\/4215\/revisions"}],"predecessor-version":[{"id":5258,"href":"https:\/\/www.fun-entertain.de\/tr\/wp-json\/wp\/v2\/pages\/4215\/revisions\/5258"}],"wp:attachment":[{"href":"https:\/\/www.fun-entertain.de\/tr\/wp-json\/wp\/v2\/media?parent=4215"}],"curies":[{"name":"wp","href":"https:\/\/api.w.org\/{rel}","templated":true}]}}