{"id":4015,"date":"2016-01-10T11:56:56","date_gmt":"2016-01-10T11:56:56","guid":{"rendered":"http:\/\/new.fun-entertain.de\/?page_id=4015"},"modified":"2020-01-29T10:38:53","modified_gmt":"2020-01-29T09:38:53","slug":"tipico-sportwetten","status":"publish","type":"page","link":"https:\/\/www.fun-entertain.de\/tr\/tipico-sportwetten\/","title":{"rendered":"Tipico"},"content":{"rendered":"<div class=\"wpb-content-wrapper\"><p>[vc_row][vc_column][rev_slider_vc alias=&#8221;tipico&#8221;][\/vc_column][\/vc_row][vc_section css=&#8221;.vc_custom_1530636267617{margin-top: 0px !important;}&#8221;][vc_row bg_type=&#8221;bg_color&#8221; bg_override=&#8221;full&#8221; bg_color_value=&#8221;#d61919&#8243; css=&#8221;.vc_custom_1530723752195{margin-top: 0px !important;padding-top: -25px !important;}&#8221;][vc_column css=&#8221;.vc_custom_1530636648379{padding-top: 0px !important;}&#8221;][vc_empty_space height=&#8221;40px&#8221;][vc_single_image image=&#8221;4621&#8243; img_size=&#8221;medium&#8221; alignment=&#8221;center&#8221; css=&#8221;.vc_custom_1531063817036{margin-top: 0px !important;padding-top: -25px !important;}&#8221; el_id=&#8221;tipico-bild&#8221;][\/vc_column][\/vc_row][vc_row][vc_column][vc_empty_space height=&#8221;50px&#8221;][\/vc_column][\/vc_row][\/vc_section][vc_row][vc_column width=&#8221;6\/12&#8243;][vc_column_text css_animation=&#8221;appear&#8221; h1_css=&#8221;{.vc_customizer_1453810179544}&#8221; h2_css=&#8221;{.vc_customizer_1453810179546}&#8221; h3_css=&#8221;{.vc_customizer_1453810179548}&#8221; h4_css=&#8221;{.vc_customizer_1453810179550}&#8221; h5_css=&#8221;{.vc_customizer_1453810179552}&#8221; h6_css=&#8221;{.vc_customizer_1453810179554}&#8221; p_css=&#8221;{.vc_customizer_1453810179560}&#8221; link_css=&#8221;{.vc_customizer_1453810179561}&#8221; list_css=&#8221;{.vc_customizer_1453810179562}&#8221;]<\/p>\n<h1>Spor bahsi Tipico<\/h1>\n<p>Kesinlikle en iyi spor bahis sunucular\u0131 aras\u0131nda. Futbol, Buz Hokeyi, Tenis, Basketbol ve Hentbol gibi pop\u00fcler spor dallar\u0131n\u0131n yani s\u0131ra Motor Sporlar\u0131, Beysbol, Voleybol ve Ragbi ile Boks, Futsal, Dart Oyunu veya Masa Tenisi gibi marjinal sporlara da bahis oynayabilirsiniz. <img loading=\"lazy\" decoding=\"async\" class=\"alignright size-full wp-image-4014\" src=\"https:\/\/www.fun-entertain.de\/wp-content\/uploads\/2020\/01\/Tipico_Logo-1.png\" alt=\"tipicologo\" width=\"160\" height=\"62\" \/>\u00c7e\u015fitli para yat\u0131rma ve \u00e7ekme olanaklar\u0131 sunulurken hizmet Tipico i\u00e7in en \u00f6nemli fakt\u00f6rd\u00fcr. Say\u0131s\u0131zca spor bahis olanaklar\u0131 ve y\u00fcksek bahis oranlar\u0131 Tipico\u2019yu, spor bahis tedarik\u00e7ileri aras\u0131nda ola\u011fan\u00fcst\u00fc bir konuma getiriyor.<br \/>\nSanal alemde bahis oynamak istemeyenler Tipico bayilerimizde umduklar\u0131 ortam\u0131 bulacakt\u0131r. Ula\u015f\u0131labilir konumda, yeterli park olanaklar\u0131yla, ayni zevki paylasan ki\u015filerle canl\u0131 spor m\u00fcsabakalar\u0131n\u0131 ya\u015fay\u0131n ve tad\u0131n\u0131 \u00e7\u0131kar\u0131n. Farkl\u0131 fikir al\u0131\u015fveri\u015fi, bir bahis bayinin en b\u00fcy\u00fck avantaj\u0131d\u0131r. \u00d6zelikle \u00e7e\u015fitli tecr\u00fcbeler bahis konusunda yard\u0131mc\u0131 olabilir. Avrupa\u2019n\u0131n en \u00e7a\u011fda\u015f bahis sistemi, 120 metre karelik alanda, h\u0131zl\u0131 ve en \u00f6nemlisi kaliteli hizmet sunmaktad\u0131r.<\/p>\n<p>Bilgi noktalar\u0131ndan her an bahisleriniz hakk\u0131nda g\u00fcncel bilgiye ula\u015fabilir ve ekranlarda g\u00fcncellenen bahis oranlar\u0131n\u0131 bulabilirsiniz. Say\u0131s\u0131zca istatistikle spor m\u00fcsabakas\u0131 hakk\u0131nda daha iyi de\u011ferlendirmede bulunabilirsiniz. 400\u2019den fazla bahis noktalar\u0131yla Tipico, \u00f6zel bahis sunucular\u0131 aras\u0131nda sekt\u00f6r birincisidir.<\/p>\n<p>Haftada 3 bin den fazla bahis etkinli\u011fi sunulmakta. \u00d6zellikle 2008 y\u0131l\u0131nda tan\u0131t\u0131lan canl\u0131 bahis oyunlar\u0131, m\u00fc\u015fterinin be\u011fenisini kazand\u0131. Kararl\u0131 bir geli\u015ftirme sonucu g\u00fcnde 100\u2019e kadar Futbol, Tenis, Basketbol, Hokey, Voleybol ve Hentbol spor dallar\u0131ndan, canl\u0131 bahis oyunu sunulmakta. Canl\u0131 bahis ve uzun s\u00fcreli bahis ile normal bahis kombinasyon olana\u011f\u0131yla, say\u0131s\u0131zca bahis varyasyonlar\u0131 m\u00fcmk\u00fcn.<\/p>\n<p>Tipico m\u00fc\u015fteri kart\u0131, t\u00fcm aktiviteler aras\u0131ndaki ba\u011flant\u0131 olarak g\u00f6rev al\u0131r. Bu kart ile m\u00fc\u015fteriler hem bayide hem bahis kabul noktas\u0131nda hem de internet \u00fczerinden bahislerini yat\u0131rabilirler. Her yerde kendi bilgileriniz, bahis tarih\u00e7eniz, bakiyeniz ve hen\u00fcz sonu\u00e7lanmayan bahisleriniz sorgulanabilir. Ayr\u0131ca m\u00fc\u015fteri kart\u0131 \u00fczerinden bahis kazan\u00e7lar\u0131na %5 ila %25 aras\u0131 bir ikramiye verilir.<\/p>\n<p>Say\u0131s\u0131zca istatistik ve sonu\u00e7, do\u011fru bahsi bulmak i\u00e7in dayanak sa\u011flar. Ola\u011fan\u00fcst\u00fc bahis oranlar\u0131n\u0131n yan\u0131 s\u0131ra, Tipico\u2019nun basarisinin s\u0131rr\u0131 zengin bahis program\u0131nda gizlidir.<\/p>\n<p>Fakat en b\u00fcy\u00fck art\u0131s\u0131, ger\u00e7ek bahis zevkinin ya\u015fand\u0131\u011f\u0131 y\u00fcksek say\u0131daki Fun Entertain bayileridir. Burada kendinizi iyi hisseder ve kendinizi ger\u00e7ek olaylar\u0131n i\u00e7inde bulursunuz.[\/vc_column_text][\/vc_column][vc_column width=&#8221;2\/12&#8243;][\/vc_column][vc_column width=&#8221;4\/12&#8243;][vc_column_text css_animation=&#8221;top-to-bottom&#8221; h1_css=&#8221;{.vc_customizer_1452449677773}&#8221; h2_css=&#8221;{.vc_customizer_1452449677774}&#8221; h3_css=&#8221;{.vc_customizer_1452449677775}&#8221; h4_css=&#8221;{.vc_customizer_1452449677776}&#8221; h5_css=&#8221;{.vc_customizer_1452449677777}&#8221; h6_css=&#8221;{.vc_customizer_1452449677778}&#8221; p_css=&#8221;{.vc_customizer_1452449677779}&#8221; link_css=&#8221;{.vc_customizer_1452449677780}&#8221; list_css=&#8221;{.vc_customizer_1452449677780}&#8221;]<strong>Tipico \u015fubesi<\/strong> a\u00e7mak istiyorsunuz ve icab\u0131nda uygun bir mekan da m\u0131 buldunuz? Uygulamaya ge\u00e7mek i\u00e7in biz size yard\u0131mc\u0131 oluyoruz. Yapman\u0131z gereken tek \u015fey, formu doldurmak ve biz sizinle derhal irtibata ge\u00e7iyoruz.<\/p>\n<p><em>Fun Entertain<\/em>[\/vc_column_text][vc_column_text]\n<div class=\"wpcf7 no-js\" id=\"wpcf7-f4703-o1\" lang=\"de-DE\" dir=\"ltr\" data-wpcf7-id=\"4703\">\n<div class=\"screen-reader-response\"><p role=\"status\" aria-live=\"polite\" aria-atomic=\"true\"><\/p> <ul><\/ul><\/div>\n<form action=\"\/tr\/wp-json\/wp\/v2\/pages\/4015#wpcf7-f4703-o1\" method=\"post\" class=\"wpcf7-form init\" aria-label=\"Contact form\" novalidate=\"novalidate\" data-status=\"init\">\n<fieldset class=\"hidden-fields-container\"><input type=\"hidden\" name=\"_wpcf7\" value=\"4703\" \/><input type=\"hidden\" name=\"_wpcf7_version\" value=\"6.1.5\" \/><input type=\"hidden\" name=\"_wpcf7_locale\" value=\"de_DE\" \/><input type=\"hidden\" name=\"_wpcf7_unit_tag\" value=\"wpcf7-f4703-o1\" \/><input type=\"hidden\" name=\"_wpcf7_container_post\" value=\"0\" \/><input type=\"hidden\" name=\"_wpcf7_posted_data_hash\" value=\"\" \/>\n<\/fieldset>\n<p>*gerekli alanlar\n<\/p>\n<p><label> \u0130sim:<br \/>\n<span class=\"wpcf7-form-control-wrap\" data-name=\"Vorname\"><input size=\"40\" maxlength=\"400\" class=\"wpcf7-form-control wpcf7-text\" aria-invalid=\"false\" placeholder=\"Max\" value=\"\" type=\"text\" name=\"Vorname\" \/><\/span> <\/label>\n<\/p>\n<p><label> Soyisim:<br \/>\n<span class=\"wpcf7-form-control-wrap\" data-name=\"Name\"><input size=\"40\" maxlength=\"400\" class=\"wpcf7-form-control wpcf7-text\" aria-invalid=\"false\" placeholder=\"Mustermann\" value=\"\" type=\"text\" name=\"Name\" \/><\/span><\/label>\n<\/p>\n<p><label> Firma:<br \/>\n<span class=\"wpcf7-form-control-wrap\" data-name=\"Firma\"><input size=\"40\" maxlength=\"400\" class=\"wpcf7-form-control wpcf7-text\" aria-invalid=\"false\" placeholder=\"Musterfirma\" value=\"\" type=\"text\" name=\"Firma\" \/><\/span><\/label>\n<\/p>\n<p><label> Telefon:<br \/>\n<span class=\"wpcf7-form-control-wrap\" data-name=\"Telefon:\"><input size=\"40\" maxlength=\"400\" class=\"wpcf7-form-control wpcf7-tel wpcf7-text wpcf7-validates-as-tel\" aria-invalid=\"false\" placeholder=\"0123456789\" value=\"\" type=\"tel\" name=\"Telefon:\" \/><\/span><\/label>\n<\/p>\n<p><label> Cep-Telefonu:*<br \/>\n<span class=\"wpcf7-form-control-wrap\" data-name=\"Mobil:\"><input size=\"40\" maxlength=\"400\" class=\"wpcf7-form-control wpcf7-tel wpcf7-validates-as-required wpcf7-text wpcf7-validates-as-tel\" aria-required=\"true\" aria-invalid=\"false\" placeholder=\"0123456789\" value=\"\" type=\"tel\" name=\"Mobil:\" \/><\/span><\/label>\n<\/p>\n<p><label> \u0130n\u015faat projesi:<br \/>\n<span class=\"wpcf7-form-control-wrap\" data-name=\"Bauvorhaben\"><input size=\"40\" maxlength=\"400\" class=\"wpcf7-form-control wpcf7-text\" aria-invalid=\"false\" value=\"\" type=\"text\" name=\"Bauvorhaben\" \/><\/span><\/label>\n<\/p>\n<p><label> \u0130n\u015faat ruhsat\u0131:<br \/>\n<span class=\"wpcf7-form-control-wrap\" data-name=\"Baugenehmigung\"><select class=\"wpcf7-form-control wpcf7-select\" aria-invalid=\"false\" name=\"Baugenehmigung\"><option value=\"evet\">evet<\/option><option value=\"hay\u0131r\">hay\u0131r<\/option><\/select><\/span><\/label>\n<\/p>\n<p><label> Mail:*<br \/>\n<span class=\"wpcf7-form-control-wrap\" data-name=\"Email\"><input size=\"40\" maxlength=\"400\" class=\"wpcf7-form-control wpcf7-email wpcf7-validates-as-required wpcf7-text wpcf7-validates-as-email\" aria-required=\"true\" aria-invalid=\"false\" value=\"\" type=\"email\" name=\"Email\" \/><\/span> <\/label>\n<\/p>\n<p><label> Konu:*<br \/>\n<span class=\"wpcf7-form-control-wrap\" data-name=\"Betreff\"><input size=\"40\" maxlength=\"400\" class=\"wpcf7-form-control wpcf7-text wpcf7-validates-as-required\" aria-required=\"true\" aria-invalid=\"false\" value=\"\" type=\"text\" name=\"Betreff\" \/><\/span> <\/label>\n<\/p>\n<p><label> Mesaj:*<br \/>\n<span class=\"wpcf7-form-control-wrap\" data-name=\"Nachricht\"><textarea cols=\"40\" rows=\"10\" maxlength=\"2000\" class=\"wpcf7-form-control wpcf7-textarea wpcf7-validates-as-required\" aria-required=\"true\" aria-invalid=\"false\" name=\"Nachricht\"><\/textarea><\/span> <\/label>\n<\/p>\n<p><input class=\"wpcf7-form-control wpcf7-submit has-spinner\" type=\"submit\" value=\"G\u00f6nder\" \/>\n<\/p><div class=\"wpcf7-response-output\" aria-hidden=\"true\"><\/div>\n<\/form>\n<\/div>\n[\/vc_column_text][\/vc_column][\/vc_row][vc_section][vc_row][vc_column width=&#8221;1\/2&#8243;][vc_single_image image=&#8221;4863&#8243; img_size=&#8221;700&#215;400&#8243; alignment=&#8221;center&#8221; onclick=&#8221;link_image&#8221; css_animation=&#8221;bottom-to-top&#8221;][\/vc_column][vc_column width=&#8221;1\/2&#8243;][vc_single_image image=&#8221;4864&#8243; img_size=&#8221;700&#215;400&#8243; alignment=&#8221;center&#8221; onclick=&#8221;link_image&#8221; css_animation=&#8221;bottom-to-top&#8221;][\/vc_column][\/vc_row][vc_row][vc_column][vc_empty_space height=&#8221;50px&#8221;]<div class=\"dt-fancy-separator text-big title-color\" style=\"width: 100%;\"><div class=\"dt-fancy-title\"><span class=\"separator-holder separator-left\"><\/span>Bizimle Tipico spor bahsi sunma imkan\u0131na sahip olabilirsiniz.<span class=\"separator-holder separator-right\"><\/span><\/div><\/div>[vc_empty_space height=&#8221;25px&#8221;]<div class=\"dt-fancy-separator text-big title-color\" style=\"width: 100%;\"><div class=\"dt-fancy-title\"><span class=\"separator-holder separator-left\"><\/span>Hepsi tek elden: Bayi \u0130n\u015faat\u0131, Teknik Altyap\u0131, Dan\u0131\u015fma!<span class=\"separator-holder separator-right\"><\/span><\/div><\/div>[vc_empty_space height=&#8221;50px&#8221;][\/vc_column][\/vc_row][\/vc_section][vc_section disable_element=&#8221;yes&#8221;][vc_row][vc_column][vc_column_text css_animation=&#8221;appear&#8221; h1_css=&#8221;{.vc_customizer_1452449532441}&#8221; h2_css=&#8221;{.vc_customizer_1452449532442}&#8221; h3_css=&#8221;{.vc_customizer_1452449532443}&#8221; h4_css=&#8221;{.vc_customizer_1452449532444}&#8221; h5_css=&#8221;{.vc_customizer_1452449532444}&#8221; h6_css=&#8221;{.vc_customizer_1452449532445}&#8221; p_css=&#8221;{.vc_customizer_1452449532446}&#8221; link_css=&#8221;{.vc_customizer_1452449532447}&#8221; list_css=&#8221;{.vc_customizer_1452449532448}&#8221;][si-contact-form form=&#8217;3&#8242;][\/vc_column_text][\/vc_column][\/vc_row][\/vc_section][vc_section el_id=&#8221;Abbinder-Seite&#8221;][vc_row bg_type=&#8221;bg_color&#8221; bg_override=&#8221;full&#8221; seperator_enable=&#8221;seperator_enable_value&#8221; seperator_type=&#8221;xlarge_circle_seperator&#8221; seperator_shape_background=&#8221;#e2e2e2&#8243; bg_color_value=&#8221;#d61919&#8243;][vc_column][vc_empty_space height=&#8221;25px&#8221;]<div id=\"ult-carousel-28451799516a020a0e17d2e\" class=\"ult-carousel-wrapper   ult_horizontal\" data-gutter=\"15\" data-rtl=\"false\" ><div class=\"ult-carousel-786033786a020a0e17c7a \" >[vc_single_image image=&#8221;3919&#8243; img_size=&#8221;150&#215;150&#8243;][vc_single_image image=&#8221;4848&#8243; img_size=&#8221;150&#215;150&#8243;][vc_single_image image=&#8221;4846&#8243; img_size=&#8221;150&#215;150&#8243;][vc_single_image image=&#8221;4844&#8243; img_size=&#8221;150&#215;150&#8243;][vc_single_image image=&#8221;4842&#8243; img_size=&#8221;150&#215;150&#8243;]<\/div><\/div>\t\t\t<script type=\"text\/javascript\">\n\t\t\t\tjQuery(document).ready(function ($) {\n\t\t\t\t\tif( typeof jQuery('.ult-carousel-786033786a020a0e17c7a').slick == \"function\"){\n\t\t\t\t\t\t$('.ult-carousel-786033786a020a0e17c7a').slick({dots: true,autoplay: true,autoplaySpeed: \"5000\",speed: \"300\",infinite: true,arrows: true,nextArrow: '<button type=\"button\" role=\"button\" aria-label=\"Next\" style=\"color:#333333; font-size:20px;\" class=\"slick-next default\"><i class=\"ultsl-arrow-right4\"><\/i><\/button>',prevArrow: '<button type=\"button\" role=\"button\" aria-label=\"Previous\" style=\"color:#333333; font-size:20px;\" class=\"slick-prev default\"><i class=\"ultsl-arrow-left4\"><\/i><\/button>',slidesToScroll:5,slidesToShow:5,swipe: true,draggable: true,touchMove: true,pauseOnHover: true,pauseOnFocus: false,adaptiveHeight: true,responsive: [\n\t\t\t\t\t\t\t{\n\t\t\t\t\t\t\t  breakpoint: 1026,\n\t\t\t\t\t\t\t  settings: {\n\t\t\t\t\t\t\t\tslidesToShow: 5,\n\t\t\t\t\t\t\t\tslidesToScroll: 5,  \n\t\t\t\t\t\t\t  }\n\t\t\t\t\t\t\t},\n\t\t\t\t\t\t\t{\n\t\t\t\t\t\t\t  breakpoint: 1025,\n\t\t\t\t\t\t\t  settings: {\n\t\t\t\t\t\t\t\tslidesToShow: 3,\n\t\t\t\t\t\t\t\tslidesToScroll: 3\n\t\t\t\t\t\t\t  }\n\t\t\t\t\t\t\t},\n\t\t\t\t\t\t\t{\n\t\t\t\t\t\t\t  breakpoint: 760,\n\t\t\t\t\t\t\t  settings: {\n\t\t\t\t\t\t\t\tslidesToShow: 2,\n\t\t\t\t\t\t\t\tslidesToScroll: 2\n\t\t\t\t\t\t\t  }\n\t\t\t\t\t\t\t}\n\t\t\t\t\t\t],pauseOnDotsHover: true,customPaging: function(slider, i) {\n                   return '<i type=\"button\" style= \"color:#333333;\" class=\"ultsl-record\" data-role=\"none\"><\/i>';\n                },});\n\t\t\t\t\t}\n\t\t\t\t});\n\t\t\t<\/script>\n\t\t\t[\/vc_column][\/vc_row][\/vc_section][vc_row][vc_column][\/vc_column][\/vc_row]<\/p>\n<\/div>","protected":false},"excerpt":{"rendered":"<p>[vc_row][vc_column][rev_slider_vc alias=&#8221;tipico&#8221;][\/vc_column][\/vc_row][vc_section css=&#8221;.vc_custom_1530636267617{margin-top: 0px !important;}&#8221;][vc_row bg_type=&#8221;bg_color&#8221; bg_override=&#8221;full&#8221; bg_color_value=&#8221;#d61919&#8243; css=&#8221;.vc_custom_1530723752195{margin-top: 0px !important;padding-top: -25px !important;}&#8221;][vc_column css=&#8221;.vc_custom_1530636648379{padding-top: 0px !important;}&#8221;][vc_empty_space height=&#8221;40px&#8221;][vc_single_image image=&#8221;4621&#8243; img_size=&#8221;medium&#8221; alignment=&#8221;center&#8221; css=&#8221;.vc_custom_1531063817036{margin-top: 0px !important;padding-top: -25px !important;}&#8221; el_id=&#8221;tipico-bild&#8221;][\/vc_column][\/vc_row][vc_row][vc_column][vc_empty_space height=&#8221;50px&#8221;][\/vc_column][\/vc_row][\/vc_section][vc_row][vc_column width=&#8221;6\/12&#8243;][vc_column_text css_animation=&#8221;appear&#8221; h1_css=&#8221;{.vc_customizer_1453810179544}&#8221; h2_css=&#8221;{.vc_customizer_1453810179546}&#8221; h3_css=&#8221;{.vc_customizer_1453810179548}&#8221; h4_css=&#8221;{.vc_customizer_1453810179550}&#8221; h5_css=&#8221;{.vc_customizer_1453810179552}&#8221; h6_css=&#8221;{.vc_customizer_1453810179554}&#8221; p_css=&#8221;{.vc_customizer_1453810179560}&#8221; link_css=&#8221;{.vc_customizer_1453810179561}&#8221; list_css=&#8221;{.vc_customizer_1453810179562}&#8221;] Spor bahsi Tipico Kesinlikle en iyi spor bahis sunucular\u0131 aras\u0131nda. Futbol, Buz Hokeyi, Tenis, Basketbol ve Hentbol&hellip;<\/p>\n","protected":false},"author":1,"featured_media":0,"parent":0,"menu_order":0,"comment_status":"closed","ping_status":"closed","template":"","meta":{"inline_featured_image":false,"_joinchat":[],"footnotes":""},"class_list":["post-4015","page","type-page","status-publish","hentry","description-off"],"translation":{"provider":"WPGlobus","version":"3.0.0","language":"tr","enabled_languages":["de","en","tr"],"languages":{"de":{"title":true,"content":true,"excerpt":false},"en":{"title":true,"content":true,"excerpt":false},"tr":{"title":true,"content":true,"excerpt":false}}},"_links":{"self":[{"href":"https:\/\/www.fun-entertain.de\/tr\/wp-json\/wp\/v2\/pages\/4015","targetHints":{"allow":["GET"]}}],"collection":[{"href":"https:\/\/www.fun-entertain.de\/tr\/wp-json\/wp\/v2\/pages"}],"about":[{"href":"https:\/\/www.fun-entertain.de\/tr\/wp-json\/wp\/v2\/types\/page"}],"author":[{"embeddable":true,"href":"https:\/\/www.fun-entertain.de\/tr\/wp-json\/wp\/v2\/users\/1"}],"replies":[{"embeddable":true,"href":"https:\/\/www.fun-entertain.de\/tr\/wp-json\/wp\/v2\/comments?post=4015"}],"version-history":[{"count":45,"href":"https:\/\/www.fun-entertain.de\/tr\/wp-json\/wp\/v2\/pages\/4015\/revisions"}],"predecessor-version":[{"id":4868,"href":"https:\/\/www.fun-entertain.de\/tr\/wp-json\/wp\/v2\/pages\/4015\/revisions\/4868"}],"wp:attachment":[{"href":"https:\/\/www.fun-entertain.de\/tr\/wp-json\/wp\/v2\/media?parent=4015"}],"curies":[{"name":"wp","href":"https:\/\/api.w.org\/{rel}","templated":true}]}}