{"id":4371,"date":"2018-06-27T11:40:46","date_gmt":"2018-06-27T11:40:46","guid":{"rendered":"https:\/\/www.fun-entertain.de\/?page_id=4371"},"modified":"2025-04-14T18:06:10","modified_gmt":"2025-04-14T16:06:10","slug":"ueber-uns","status":"publish","type":"page","link":"https:\/\/www.fun-entertain.de\/en\/ueber-uns\/","title":{"rendered":"About us"},"content":{"rendered":"<div class=\"wpb-content-wrapper\"><p>[vc_section css=&#8221;.vc_custom_1530636267617{margin-top: 0px !important;}&#8221;][vc_row bg_type=&#8221;bg_color&#8221; bg_override=&#8221;full&#8221; bg_color_value=&#8221;#d61919&#8243; css=&#8221;.vc_custom_1530723800934{margin-top: 0px !important;padding-top: -25px !important;}&#8221;][vc_column css=&#8221;.vc_custom_1530636648379{padding-top: 0px !important;}&#8221;][vc_empty_space height=&#8221;40px&#8221;][\/vc_column][\/vc_row][vc_row][vc_column][vc_empty_space height=&#8221;50px&#8221;][\/vc_column][\/vc_row][\/vc_section][vc_row][vc_column width=&#8221;1\/2&#8243;][vc_column_text css=&#8221;&#8221; h1_css=&#8221;{.vc_customizer_1530091966219}&#8221; h2_css=&#8221;{.vc_customizer_1530091966219}&#8221; h3_css=&#8221;{.vc_customizer_1530091966219}&#8221; h4_css=&#8221;{.vc_customizer_1530091966220}&#8221; h5_css=&#8221;{.vc_customizer_1530091966220}&#8221; h6_css=&#8221;{.vc_customizer_1530091966220}&#8221; p_css=&#8221;{.vc_customizer_1530091966221}&#8221; link_css=&#8221;{.vc_customizer_1530091966221}&#8221; list_css=&#8221;{.vc_customizer_1530091966222}&#8221;]<\/p>\n<h1>\u00dcber uns<\/h1>\n<p>Die Fun Entertain GmbH gibt es seit 2007. Neu sind wir aber nicht. Wir arbeiten seit 2002 im lokalen Retail-Shopsystem-Bereich. Mit dem Schritt zu Fun Entertain wollen wir mit unserer langj\u00e4hrigen operativen Erfahrung eine neue Stufe der Dienstleistung erreichen und unseren Kunden das h\u00f6chste Niveau bieten. Das bedeutet mehr Shops, mehr Angebote, mehr Komfort.<\/p>\n<p><strong>Wetten als Erlebnis <\/strong><\/p>\n<p>Wir von Fun Entertain betreiben mit Schwerpunkt in der Rhein\/Ruhr-Region \u00fcber 28 Vermittlungsstellen f\u00fcr den Wettsport. Unsere Wettshops sind nicht nur reine Wettstuben. Vielmehr bem\u00fchen wir uns um ein Sportsbar-Ambiente. Die wichtigsten Sportveranstaltungen werden simultan auf mehreren Bildschirmen gezeigt.\u00a0 Unser geschultes Personal steht ihnen immer freundlich und kompetent zur Seite.<\/p>\n<p><strong>Wette auf fast alles<\/strong><\/p>\n<p>Unsere Wettauswahl ist kaum zu \u00fcbertreffen. Neben Fu\u00dfball, Basketball, Tennis und Formel 1 bedienen wir auch den Nischensport. Kaum eine Sportart steht nicht zur Verf\u00fcgung. Hinzu kommt: jede Sportart hat eine Vielzahl von Wettm\u00f6glichkeiten. Eine Wette besteht nicht mehr nur aus Sieger und Verlierer. Mittlerweile kann auf fast alles gewettet und die Unterhaltung maximiert werden. So k\u00f6nnen sie im Fu\u00dfball z.B. auf das n\u00e4chste Tor, den Gewinner der Halbzeit, die n\u00e4chste Ecke oder den Torsch\u00fctzen tippen. Auch f\u00fcr den Basketball und andere Sportarten gibt es unz\u00e4hlige spezielle Wettarten. Unsere Live-Wetten machen Sport-Veranstaltungen noch spannender. Fiebern sie nicht nur mit ihrem Team, sondern auch mit ihrem Tipp. Dann spielt auch der Auswechselspieler eine gr\u00f6\u00dfere Rolle in Ihrem Spielsystem.<\/p>\n<p><strong>Unschlagbare Quoten<\/strong><\/p>\n<p>F\u00fcr unsere Wettfreunde ist neben dem Wettangebot die Wettquote am wichtigsten. Denn man m\u00f6chte ja auch den besten Gewinn rausholen. Da ist Fun Entertain nicht bescheiden. Wir bieten unsere Quoten im oberen Drittel an \u2013 unschlagbar im nationalen Vergleich. Zudem gibt es viele Optionen zur Ein- und Auszahlung. Nur ein Vermittler mit einem starken Partner kann solche Angebote und Voraussetzungen erf\u00fcllen. \u00dcberzeugen Sie sich selbst und besuchen sie uns in einer unserer Filialen in Nordrhein-Westfalen, Hessen oder im Saarland. Lassen sie Ihrer Begeisterung in einem Wohlf\u00fchl- Ambiente freien Lauf.<\/p>\n<p><strong>Gewissenhaft F\u00f6rdern <\/strong><\/p>\n<p>Wir sind mit verschiedenen Partnern im Kontakt und wollen somit gezielt den Sport in Rhein\/Ruhr als Pr\u00e4ventivma\u00dfnahme einsetzten. Um dies zu gew\u00e4hrleisten, pr\u00fcfen wir unsere Partner nach Vereinsphilosophie und Projekten.<\/p>\n<p>Neben der Gesundheit der Kinder m\u00f6chten wir auch die Repr\u00e4sentation unserer Region st\u00e4rken und positiv beeinflussen. Wir wissen: erfolgreicher Vereinssport motiviert auch den Nachwuchs.[\/vc_column_text][\/vc_column][vc_column width=&#8221;1\/2&#8243;][vc_column_text h1_css=&#8221;{.vc_customizer_1530092436247}&#8221; h2_css=&#8221;{.vc_customizer_1530092436247}&#8221; h3_css=&#8221;{.vc_customizer_1530092436248}&#8221; h4_css=&#8221;{.vc_customizer_1530092436249}&#8221; h5_css=&#8221;{.vc_customizer_1530092436249}&#8221; h6_css=&#8221;{.vc_customizer_1530092436249}&#8221; p_css=&#8221;{.vc_customizer_1530092436249}&#8221; link_css=&#8221;{.vc_customizer_1530092436250}&#8221; list_css=&#8221;{.vc_customizer_1530092436250}&#8221;]<img loading=\"lazy\" decoding=\"async\" class=\"alignright wp-image-4372\" src=\"https:\/\/www.fun-entertain.de\/wp-content\/uploads\/2018\/06\/Logo-Fussball-Voerde-898x1024.png\" alt=\"\" width=\"147\" height=\"167\" srcset=\"https:\/\/www.fun-entertain.de\/wp-content\/uploads\/2018\/06\/Logo-Fussball-Voerde-898x1024.png 898w, https:\/\/www.fun-entertain.de\/wp-content\/uploads\/2018\/06\/Logo-Fussball-Voerde-263x300.png 263w, https:\/\/www.fun-entertain.de\/wp-content\/uploads\/2018\/06\/Logo-Fussball-Voerde-768x876.png 768w, https:\/\/www.fun-entertain.de\/wp-content\/uploads\/2018\/06\/Logo-Fussball-Voerde-112x128.png 112w, https:\/\/www.fun-entertain.de\/wp-content\/uploads\/2018\/06\/Logo-Fussball-Voerde-28x32.png 28w, https:\/\/www.fun-entertain.de\/wp-content\/uploads\/2018\/06\/Logo-Fussball-Voerde-421x480.png 421w, https:\/\/www.fun-entertain.de\/wp-content\/uploads\/2018\/06\/Logo-Fussball-Voerde-237x270.png 237w, https:\/\/www.fun-entertain.de\/wp-content\/uploads\/2018\/06\/Logo-Fussball-Voerde-684x780.png 684w, https:\/\/www.fun-entertain.de\/wp-content\/uploads\/2018\/06\/Logo-Fussball-Voerde-385x439.png 385w, https:\/\/www.fun-entertain.de\/wp-content\/uploads\/2018\/06\/Logo-Fussball-Voerde-592x675.png 592w, https:\/\/www.fun-entertain.de\/wp-content\/uploads\/2018\/06\/Logo-Fussball-Voerde-86x98.png 86w\" sizes=\"auto, (max-width: 147px) 100vw, 147px\" \/>Seit \u00fcber drei Jahren sind wir aktiver Unterst\u00fctzer der Fu\u00dfballjugend des SV 08\/29 Friedrichsfeld e.V. Dem SV Friedrichsfeld ist es wichtig, die Jugend nicht nur im Fu\u00dfball sondern auch sozial und p\u00e4dagogisch zu f\u00f6rdern. Dabei kommt der Spa\u00df nicht zu kurz. Und das ist uns wichtig. Kinder sollen Spa\u00df haben. Denn ohne Spa\u00df kommt auch keine F\u00f6rderung zustande.<\/p>\n<p>Wir m\u00f6chten alle Altersgruppen motivieren. Bei den BSG Baskets ist das allerdings anders. Denn die Rollstuhlbasketball-Mannschaft motiviert Uns. Die Basketballer der BSG Baskets beweisen jeden Tag, dass der Wille mit einer gesunden Portion Sportgeist, Berge versetzten kann. Sie lehren uns jedes Mal aufs Neue, dass ein Handicap keine Einschr\u00e4nkung ist. Damit diese Nachricht jeden in Duisburg und ganz Deutschland erreicht, engagieren wir uns als Trikotsponsor der BSG Baskets. Es ist uns eine Freude und Ehre ein Teil dieser wichtigen Nachricht zu sein.<img loading=\"lazy\" decoding=\"async\" class=\"alignright wp-image-4784\" style=\"background-color: transparent; color: #333333; float: right; font-family: normal Arial,Helvetica,sans-serif; font-size: 14px; font-style: normal; font-variant: normal; font-weight: 400; height: 81.17px; letter-spacing: normal; max-width: 1195px; orphans: 2; outline-color: #72777c; outline-style: solid; outline-width: 1px; text-align: left; text-decoration: none; text-indent: 0px; text-transform: none; -webkit-text-stroke-width: 0px; white-space: normal; word-spacing: 0px; margin: 7px 0px 7px 14px;\" src=\"https:\/\/www.fun-entertain.de\/wp-content\/uploads\/2019\/03\/bsg-baskets-white-Kopie-1024x363.jpg\" alt=\"\" width=\"229\" height=\"81\" srcset=\"https:\/\/www.fun-entertain.de\/wp-content\/uploads\/2019\/03\/bsg-baskets-white-Kopie-1024x363.jpg 1024w, https:\/\/www.fun-entertain.de\/wp-content\/uploads\/2019\/03\/bsg-baskets-white-Kopie-300x106.jpg 300w, https:\/\/www.fun-entertain.de\/wp-content\/uploads\/2019\/03\/bsg-baskets-white-Kopie-768x272.jpg 768w, https:\/\/www.fun-entertain.de\/wp-content\/uploads\/2019\/03\/bsg-baskets-white-Kopie.jpg 1200w\" sizes=\"auto, (max-width: 229px) 100vw, 229px\" \/><\/p>\n<p>Damit stets (sportliche) Alternativen existieren und unsere Region weiterhin eine Zukunft besitzt, werden wir unser soziales Engagement fortf\u00fchren und steigern. Wir pr\u00fcfen im Moment weitere F\u00f6rderprogramme. In kurzer Zeit werden wir hier alle Informationen dazu ver\u00f6ffentlichen.<\/p>\n<p><strong>Wetten mit Verantwortung<\/strong><\/p>\n<p>Sportwetten sollen unterhalten und die Spannung im Wettkampf steigern. Leider jedoch verlieren einige die Kontrolle. Das kann zum unkontrollierten Konsumverhalten f\u00fchren. Das hat dann nichts mehr mit Spa\u00df zu tun.<\/p>\n<p>Das unwiderstehliche Verlangen nach Gl\u00fcckspiel wurde in das internationale Klassifikationssystem psychischer St\u00f6rungen aufgenommen. Die Gl\u00fcckspielsucht ist eine Krankheit, die geheilt werden kann. Au\u00dferdem kann mit gezieltem Bewusstsein eine erfolgreiche Pr\u00e4ventionsarbeit geleistet werden. Trotzdem sollte man die Suchtgefahr nicht verharmlosen. Es gibt eindeutige Hinweise auf Suchtverhalten:<\/p>\n<p>&#8211;\u00a0\u00a0\u00a0\u00a0\u00a0\u00a0\u00a0\u00a0\u00a0 Familie, Freunde und Arbeit werden vernachl\u00e4ssigt.<\/p>\n<p>&#8211;\u00a0\u00a0\u00a0\u00a0\u00a0\u00a0\u00a0\u00a0\u00a0 Stimmungsschwankungen und Unzuverl\u00e4ssigkeit h\u00e4ufen sich<\/p>\n<p>&#8211;\u00a0\u00a0\u00a0\u00a0\u00a0\u00a0\u00a0\u00a0\u00a0 Der Suchtgef\u00e4hrdete leiht sich h\u00e4ufiger Geld und spielt h\u00f6here Eins\u00e4tze<\/p>\n<p>In solchen F\u00e4llen wollen wir unseren Wettfreunden zur Seite stehen. Hierf\u00fcr haben wir externe Kontaktinformationen f\u00fcr Suchtpr\u00e4vention und -beratung bereitgestellt. Die Auswahl unserer Beratungsstellen erfolgt nicht nach Zufall. Mit unserer langj\u00e4hrigen Erfahrung wissen wir, welche Beratungsstelle f\u00fcr Sie am wertvollsten sein kann. Gl\u00fccksspiel ist ein Spiel und soll zur Unterhaltung dienen, mehr nicht.<\/p>\n<p><strong>\u00a0<\/strong><strong>Jugendschutz<\/strong><\/p>\n<p>Unsere angebotenen Dienste unterliegen dem \u00a76 des deutschen Jugendschutzgesetzes. In unseren Wettshops haben Minderj\u00e4hrige keinen Eintritt und werden nicht bedient. Unsere Mitarbeiter f\u00fchren kontinuierlich Ausweiskontrollen bei unseren Kunden durch. In unseren Wettshops warnen wir gut erkennbar mit 18+ Plakaten.[\/vc_column_text][\/vc_column][\/vc_row][vc_row][vc_column][vc_column_text]<\/p>\n<h3>Die Fun Entertain GmbH und ihr Wettvermittlungsstellennetzwerk<\/h3>\n<p>[\/vc_column_text][\/vc_column][\/vc_row][vc_row][vc_column width=&#8221;1\/2&#8243;][vc_column_text]Die Fun Entertain GmbH betreibt ein umfassendes Netzwerk von Wettvermittlungsstellen und Wettannahmestellen, die kommerziell Sportwetten vertreiben. Als physische Orte au\u00dferhalb des Internets erm\u00f6glichen sie das Einreichen von Wetten und sind organisatorisch in einen Veranstalter f\u00fcr Sportwetten integriert. Die Betreibung dieser Wettvermittlungsstellen erfordert Lizenzen, die den rechtlichen Rahmenbedingungen des Gl\u00fccksspielstaatsvertrags und des geltenden Ausf\u00fchrungsgesetzes entsprechen m\u00fcssen.<\/p>\n<p>[\/vc_column_text][\/vc_column][vc_column width=&#8221;1\/2&#8243;][vc_single_image image=&#8221;5144&#8243; img_size=&#8221;full&#8221; alignment=&#8221;center&#8221; css_animation=&#8221;fadeIn&#8221;][\/vc_column][\/vc_row][vc_row][vc_column][vc_column_text css=&#8221;&#8221;]<\/p>\n<h4>Unterscheidung zwischen Wettvermittlungsstelle, Wettb\u00fcro und Wettannahmestelle<\/h4>\n<p>Wettb\u00fcros und Wettannahmestellen fallen zwar unter den Oberbegriff der Wettvermittlungsstellen, sind jedoch nicht identisch.<\/p>\n<p>Wettannahmestellen sind als Einzelhandelsbetriebe einzustufen w\u00e4hrend Wettb\u00fcros als Vergn\u00fcgungsst\u00e4tten konzipiert sind, die einen weitergehenden Service anbieten als reine Wettannahmestellen.<\/p>\n<h4>Vorteile von Wettvermittlungsstellen, insbesondere im Netzwerk der Fun Entertain GmbH<\/h4>\n<p>Angesichts des Vormarschs von Online-Portalen werden die potenziellen Nachteile von Internetwetten oft \u00fcbersehen. Die Vorteile von Wettvermittlungsstellen, insbesondere im Netzwerk der Fun Entertain GmbH, werden deutlich, wenn man sich n\u00e4her mit ihnen auseinandersetzt.<\/p>\n<h4>Sicheres Wetten bei konzessionierten Wettvermittlungsstellen<\/h4>\n<p>Durch die Konzessionierung haben lokale Wettvermittlungsstellen im Netzwerk der Fun Entertain GmbH eine hohe Glaubw\u00fcrdigkeit als seri\u00f6se Institutionen. Im Gegensatz dazu fehlt sie vielen Online-Portalen, bei denen schwarze Schafe schwer zu erkennen sind. Die physische Pr\u00e4senz einer Wettvermittlungsstelle bietet eine authentische Sicherheit, die bei Online-Portalen oft fehlt.<\/p>\n<p>&nbsp;<\/p>\n<h4>Barriere f\u00fcr hohe Einzahlungen bei Wettvermittlungsstellen<\/h4>\n<p>Die pers\u00f6nliche Interaktion bei Wettvermittlungsstellen im Netzwerk der Fun Entertain GmbH schafft eine gef\u00fchlte Barriere f\u00fcr gro\u00dfe Geldeins\u00e4tze. Dies f\u00f6rdert die Selbstbegrenzung und macht das wiederholte Zahlen von Wetteins\u00e4tzen f\u00fcr viele Menschen weniger attraktiv als die Anonymit\u00e4t des Online-Wettens.<\/p>\n<p><em>Insgesamt bieten Wettvermittlungsstellen im Netzwerk der Fun Entertain GmbH eine interessante Alternative zu Internetwetten, indem sie Sicherheit, Pr\u00e4vention von Gl\u00fccksspielsucht und eine Barriere f\u00fcr exzessives Wetten bieten.<\/em>[\/vc_column_text][\/vc_column][\/vc_row]<\/p>\n<\/div>","protected":false},"excerpt":{"rendered":"<p>[vc_section css=&#8221;.vc_custom_1530636267617{margin-top: 0px !important;}&#8221;][vc_row bg_type=&#8221;bg_color&#8221; bg_override=&#8221;full&#8221; bg_color_value=&#8221;#d61919&#8243; css=&#8221;.vc_custom_1530723800934{margin-top: 0px !important;padding-top: -25px !important;}&#8221;][vc_column css=&#8221;.vc_custom_1530636648379{padding-top: 0px !important;}&#8221;][vc_empty_space height=&#8221;40px&#8221;][\/vc_column][\/vc_row][vc_row][vc_column][vc_empty_space height=&#8221;50px&#8221;][\/vc_column][\/vc_row][\/vc_section][vc_row][vc_column width=&#8221;1\/2&#8243;][vc_column_text css=&#8221;&#8221; h1_css=&#8221;{.vc_customizer_1530091966219}&#8221; h2_css=&#8221;{.vc_customizer_1530091966219}&#8221; h3_css=&#8221;{.vc_customizer_1530091966219}&#8221; h4_css=&#8221;{.vc_customizer_1530091966220}&#8221; h5_css=&#8221;{.vc_customizer_1530091966220}&#8221; h6_css=&#8221;{.vc_customizer_1530091966220}&#8221; p_css=&#8221;{.vc_customizer_1530091966221}&#8221; link_css=&#8221;{.vc_customizer_1530091966221}&#8221; list_css=&#8221;{.vc_customizer_1530091966222}&#8221;] \u00dcber uns Die Fun Entertain GmbH gibt es seit 2007. Neu sind wir aber nicht. Wir arbeiten seit 2002 im lokalen Retail-Shopsystem-Bereich. Mit dem Schritt zu Fun&hellip;<\/p>\n","protected":false},"author":1,"featured_media":0,"parent":0,"menu_order":0,"comment_status":"closed","ping_status":"closed","template":"","meta":{"inline_featured_image":false,"footnotes":""},"class_list":["post-4371","page","type-page","status-publish","hentry","description-off"],"translation":{"provider":"WPGlobus","version":"3.0.0","language":"en","enabled_languages":["de","en","tr"],"languages":{"de":{"title":true,"content":true,"excerpt":false},"en":{"title":true,"content":false,"excerpt":false},"tr":{"title":true,"content":false,"excerpt":false}}},"_links":{"self":[{"href":"https:\/\/www.fun-entertain.de\/en\/wp-json\/wp\/v2\/pages\/4371","targetHints":{"allow":["GET"]}}],"collection":[{"href":"https:\/\/www.fun-entertain.de\/en\/wp-json\/wp\/v2\/pages"}],"about":[{"href":"https:\/\/www.fun-entertain.de\/en\/wp-json\/wp\/v2\/types\/page"}],"author":[{"embeddable":true,"href":"https:\/\/www.fun-entertain.de\/en\/wp-json\/wp\/v2\/users\/1"}],"replies":[{"embeddable":true,"href":"https:\/\/www.fun-entertain.de\/en\/wp-json\/wp\/v2\/comments?post=4371"}],"version-history":[{"count":53,"href":"https:\/\/www.fun-entertain.de\/en\/wp-json\/wp\/v2\/pages\/4371\/revisions"}],"predecessor-version":[{"id":5232,"href":"https:\/\/www.fun-entertain.de\/en\/wp-json\/wp\/v2\/pages\/4371\/revisions\/5232"}],"wp:attachment":[{"href":"https:\/\/www.fun-entertain.de\/en\/wp-json\/wp\/v2\/media?parent=4371"}],"curies":[{"name":"wp","href":"https:\/\/api.w.org\/{rel}","templated":true}]}}