{"id":4215,"date":"2017-02-08T09:02:14","date_gmt":"2017-02-08T09:02:14","guid":{"rendered":"http:\/\/www.fun-entertain.de\/?page_id=4215"},"modified":"2025-11-25T08:14:33","modified_gmt":"2025-11-25T07:14:33","slug":"tipwin-filiale-voerde","status":"publish","type":"page","link":"https:\/\/www.fun-entertain.de\/en\/tipwin-filiale-voerde\/","title":{"rendered":"TipWin Filiale Voerde"},"content":{"rendered":"<div class=\"wpb-content-wrapper\"><p>[vc_section css=&#8221;.vc_custom_1530636267617{margin-top: 0px !important;}&#8221;][vc_row bg_type=&#8221;bg_color&#8221; bg_override=&#8221;full&#8221; bg_color_value=&#8221;#d61919&#8243; css=&#8221;.vc_custom_1530723327760{margin-top: 0px !important;padding-top: -25px !important;}&#8221;][vc_column css=&#8221;.vc_custom_1530636648379{padding-top: 0px !important;}&#8221;][vc_empty_space height=&#8221;40px&#8221;][vc_single_image image=&#8221;5115&#8243; img_size=&#8221;medium&#8221; alignment=&#8221;center&#8221; css=&#8221;.vc_custom_1734340045792{margin-top: 0px !important;padding-top: -25px !important;}&#8221; el_id=&#8221;tipico-bild&#8221;][\/vc_column][\/vc_row][vc_row][vc_column][vc_empty_space height=&#8221;50px&#8221;][\/vc_column][\/vc_row][\/vc_section][vc_row][vc_column width=&#8221;1\/2&#8243;][vc_column_text css_animation=&#8221;appear&#8221; h1_css=&#8221;{.vc_customizer_1530030406822}font-weight:200;&#8221; h2_css=&#8221;{.vc_customizer_1530030406823}&#8221; h3_css=&#8221;{.vc_customizer_1530030406824}&#8221; h4_css=&#8221;{.vc_customizer_1530030406825}&#8221; h5_css=&#8221;{.vc_customizer_1530030406825}&#8221; h6_css=&#8221;{.vc_customizer_1530030406827}&#8221; p_css=&#8221;{.vc_customizer_1530030406827}&#8221; link_css=&#8221;{.vc_customizer_1530030406828}&#8221; list_css=&#8221;{.vc_customizer_1530030406829}&#8221;]<\/p>\n<h1>TipWin Filiale in Voerde<\/h1>\n<p>Friedrichsfelder Str. 3<\/p>\n<p>46562 Voerde<\/p>\n<p><em><strong>\u00d6ffnungszeiten:<\/strong><\/em><\/p>\n<p>Montag &#8211; Sonntag: 11:00 &#8211; 23:00 Uhr<\/p>\n<p><iframe loading=\"lazy\" style=\"border: 0px currentColor;\" src=\"https:\/\/www.google.com\/maps\/embed?pb=!1m18!1m12!1m3!1d2478.425481967814!2d6.681804315887042!3d51.59709211196201!2m3!1f0!2f0!3f0!3m2!1i1024!2i768!4f13.1!3m3!1m2!1s0x47b89121b3bee5cf%3A0x7e9f972bcf265de0!2sFriedrichsfelder+Str.+4%2C+46562+Voerde+(Niederrhein)!5e0!3m2!1sde!2sde!4v1486540894577\" width=\"400\" height=\"300\" frameborder=\"0\" allowfullscreen=\"allowfullscreen\"><\/iframe>[\/vc_column_text][\/vc_column][vc_column width=&#8221;1\/2&#8243;][vc_column_text css=&#8221;&#8221;]<strong>TipWin \u2013 Ihr zuverl\u00e4ssiger Partner f\u00fcr Sportwetten<\/strong><\/p>\n<p>Fun-Entertain.de betreibt mehrere moderne TipWin-Filialen und bietet damit Sportfans ein hochwertiges, sicheres und komfortables Wetterlebnis. TipWin z\u00e4hlt seit vielen Jahren zu den etablierten Sportwettenanbietern in Europa und ist besonders f\u00fcr seine benutzerfreundlichen Systeme, fairen Wettquoten und ein breites Sportangebot bekannt.<\/p>\n<p><strong>Starke Marke \u2013 starke Technologie<\/strong><\/p>\n<p>TipWin setzt auf moderne Wettsoftware, schnelle Auswertungen und ein intuitives Bedienkonzept. In unseren Filialen profitieren Kunden von einer klar strukturierten Benutzeroberfl\u00e4che, die sowohl Einsteigern als auch erfahrenen Spielern eine einfache Orientierung erm\u00f6glicht. Ob klassische Einzelwetten, Kombiwetten oder Livewetten \u2013 TipWin \u00fcberzeugt durch \u00dcbersichtlichkeit und hohe technische Stabilit\u00e4t.<\/p>\n<p><strong>Breites Angebot f\u00fcr Sportfans<\/strong><\/p>\n<p>Sportliebhaber finden bei TipWin eine gro\u00dfe Auswahl an nationalen und internationalen Sportarten \u2013 darunter Fu\u00dfball, Basketball, Tennis, Eishockey, Formel 1 und vieles mehr. Besonders im Bereich Fu\u00dfball bietet TipWin eine gro\u00dfe Vielfalt an Wettm\u00f6glichkeiten und attraktive Quoten auf die wichtigsten Ligen und Turniere.<\/p>\n<p><strong>Sicherheit und Transparenz<\/strong><\/p>\n<p>TipWin arbeitet mit strengen Sicherheitsstandards und ist f\u00fcr seinen seri\u00f6sen Umgang mit Kundendaten und Wetten bekannt. Alle Transaktionen werden zuverl\u00e4ssig und transparent abgewickelt. In unseren Filialen legen wir zudem gro\u00dfen Wert auf verantwortungsbewusstes Spielen und bieten entsprechende Hinweise und Unterst\u00fctzung an.<\/p>\n<p><strong>Angenehmes Ambiente in unseren Filialen<\/strong><\/p>\n<p>Die von Fun-Entertain.de betriebenen TipWin-Standorte zeichnen sich durch ein modernes, gepflegtes Ambiente aus \u2013 ideal f\u00fcr alle, die Wetten nicht nur online, sondern auch vor Ort genie\u00dfen m\u00f6chten. Gro\u00dfbildschirme, aktuelle Live-Statistiken und ein freundlicher Service sorgen daf\u00fcr, dass jeder Besuch zum Erlebnis wird.<\/p>\n<p><strong>Ihr Vorteil bei Fun-Entertain.de<\/strong><\/p>\n<p>Als Betreiber mehrerer TipWin-Filialen bieten wir unseren G\u00e4sten:<\/p>\n<ul>\n<li>freundliche und kompetente Mitarbeiter<\/li>\n<li>schnelle und unkomplizierte Wettabgabe<\/li>\n<li>Top-Wettquoten &amp; gro\u00dfes Sportangebot<\/li>\n<li>angenehme Atmosph\u00e4re mit Live-Sport\u00fcbertragungen<\/li>\n<li>faire und transparente Abl\u00e4ufe<\/li>\n<\/ul>\n<p>[\/vc_column_text][\/vc_column][\/vc_row]<\/p>\n<\/div>","protected":false},"excerpt":{"rendered":"<p>[vc_section css=&#8221;.vc_custom_1530636267617{margin-top: 0px !important;}&#8221;][vc_row bg_type=&#8221;bg_color&#8221; bg_override=&#8221;full&#8221; bg_color_value=&#8221;#d61919&#8243; css=&#8221;.vc_custom_1530723327760{margin-top: 0px !important;padding-top: -25px !important;}&#8221;][vc_column css=&#8221;.vc_custom_1530636648379{padding-top: 0px !important;}&#8221;][vc_empty_space height=&#8221;40px&#8221;][vc_single_image image=&#8221;5115&#8243; img_size=&#8221;medium&#8221; alignment=&#8221;center&#8221; css=&#8221;.vc_custom_1734340045792{margin-top: 0px !important;padding-top: -25px !important;}&#8221; el_id=&#8221;tipico-bild&#8221;][\/vc_column][\/vc_row][vc_row][vc_column][vc_empty_space height=&#8221;50px&#8221;][\/vc_column][\/vc_row][\/vc_section][vc_row][vc_column width=&#8221;1\/2&#8243;][vc_column_text css_animation=&#8221;appear&#8221; h1_css=&#8221;{.vc_customizer_1530030406822}font-weight:200;&#8221; h2_css=&#8221;{.vc_customizer_1530030406823}&#8221; h3_css=&#8221;{.vc_customizer_1530030406824}&#8221; h4_css=&#8221;{.vc_customizer_1530030406825}&#8221; h5_css=&#8221;{.vc_customizer_1530030406825}&#8221; h6_css=&#8221;{.vc_customizer_1530030406827}&#8221; p_css=&#8221;{.vc_customizer_1530030406827}&#8221; link_css=&#8221;{.vc_customizer_1530030406828}&#8221; list_css=&#8221;{.vc_customizer_1530030406829}&#8221;] TipWin Filiale in Voerde Friedrichsfelder Str. 3 46562 Voerde \u00d6ffnungszeiten: Montag &#8211; Sonntag: 11:00 &#8211; 23:00 Uhr [\/vc_column_text][\/vc_column][vc_column&hellip;<\/p>\n","protected":false},"author":1,"featured_media":0,"parent":0,"menu_order":0,"comment_status":"closed","ping_status":"closed","template":"","meta":{"inline_featured_image":false,"footnotes":""},"class_list":["post-4215","page","type-page","status-publish","hentry","description-off"],"translation":{"provider":"WPGlobus","version":"3.0.0","language":"en","enabled_languages":["de","en","tr"],"languages":{"de":{"title":true,"content":true,"excerpt":false},"en":{"title":false,"content":false,"excerpt":false},"tr":{"title":true,"content":true,"excerpt":false}}},"_links":{"self":[{"href":"https:\/\/www.fun-entertain.de\/en\/wp-json\/wp\/v2\/pages\/4215","targetHints":{"allow":["GET"]}}],"collection":[{"href":"https:\/\/www.fun-entertain.de\/en\/wp-json\/wp\/v2\/pages"}],"about":[{"href":"https:\/\/www.fun-entertain.de\/en\/wp-json\/wp\/v2\/types\/page"}],"author":[{"embeddable":true,"href":"https:\/\/www.fun-entertain.de\/en\/wp-json\/wp\/v2\/users\/1"}],"replies":[{"embeddable":true,"href":"https:\/\/www.fun-entertain.de\/en\/wp-json\/wp\/v2\/comments?post=4215"}],"version-history":[{"count":9,"href":"https:\/\/www.fun-entertain.de\/en\/wp-json\/wp\/v2\/pages\/4215\/revisions"}],"predecessor-version":[{"id":5258,"href":"https:\/\/www.fun-entertain.de\/en\/wp-json\/wp\/v2\/pages\/4215\/revisions\/5258"}],"wp:attachment":[{"href":"https:\/\/www.fun-entertain.de\/en\/wp-json\/wp\/v2\/media?parent=4215"}],"curies":[{"name":"wp","href":"https:\/\/api.w.org\/{rel}","templated":true}]}}