{"id":4173,"date":"2016-07-17T09:18:33","date_gmt":"2016-07-17T09:18:33","guid":{"rendered":"http:\/\/www.fun-entertain.de\/?page_id=4173"},"modified":"2025-04-09T16:57:57","modified_gmt":"2025-04-09T14:57:57","slug":"tipico-filialen-duesseldorf","status":"publish","type":"page","link":"https:\/\/www.fun-entertain.de\/en\/tipico-filialen-duesseldorf\/","title":{"rendered":"Tipico-Filialen D\u00fcsseldorf"},"content":{"rendered":"<div class=\"wpb-content-wrapper\"><p>[vc_section css=&#8221;.vc_custom_1530636267617{margin-top: 0px !important;}&#8221;][vc_row bg_type=&#8221;bg_color&#8221; bg_override=&#8221;full&#8221; bg_color_value=&#8221;#d61919&#8243; css=&#8221;.vc_custom_1530723432011{margin-top: 0px !important;padding-top: -25px !important;}&#8221;][vc_column css=&#8221;.vc_custom_1530636648379{padding-top: 0px !important;}&#8221;][vc_empty_space height=&#8221;40px&#8221;][\/vc_column][\/vc_row][vc_row][vc_column][vc_empty_space height=&#8221;50px&#8221;][\/vc_column][\/vc_row][\/vc_section][vc_row][vc_column width=&#8221;1\/2&#8243;][vc_column_text css_animation=&#8221;appear&#8221; css=&#8221;&#8221; h1_css=&#8221;{.vc_customizer_1525786789994}font-weight:200;&#8221; h2_css=&#8221;{.vc_customizer_1525786789994}&#8221; h3_css=&#8221;{.vc_customizer_1525786789996}&#8221; h4_css=&#8221;{.vc_customizer_1525786789996}&#8221; h5_css=&#8221;{.vc_customizer_1525786789996}&#8221; h6_css=&#8221;{.vc_customizer_1525786789996}&#8221; p_css=&#8221;{.vc_customizer_1525786789998}&#8221; link_css=&#8221;{.vc_customizer_1525786789998}&#8221; list_css=&#8221;{.vc_customizer_1525786789998}&#8221;]<\/p>\n<h1>Tipico-Filialen in D\u00fcsseldorf<\/h1>\n<p><strong>D\u00fcsseldorf, Markenstr.<br \/>\n<\/strong><\/p>\n<p>Markenstr.\u00a0 9<\/p>\n<p>40227 D\u00fcsseldorf<\/p>\n<p><em><strong>\u00d6ffnungszeiten:<\/strong><\/em><\/p>\n<p>Montag &#8211; Sonntag: 11:00 &#8211; 23:00 Uhr<br \/>\n<iframe loading=\"lazy\" style=\"border: 0px currentColor;\" src=\"https:\/\/www.google.com\/maps\/embed?pb=!1m18!1m12!1m3!1d2499.4237063849023!2d6.80706131575909!3d51.21126987958766!2m3!1f0!2f0!3f0!3m2!1i1024!2i768!4f13.1!3m3!1m2!1s0x47b8cbb631a622e3%3A0x6c5eb68b86a810dc!2sMarkenstra%C3%9Fe+9%2C+40227+D%C3%BCsseldorf!5e0!3m2!1sde!2sde!4v1468746878770\" width=\"400\" height=\"300\" frameborder=\"0\" allowfullscreen=\"allowfullscreen\"><\/iframe><\/p>\n<p>[\/vc_column_text][\/vc_column][vc_column width=&#8221;1\/2&#8243;][vc_column_text]<\/p>\n<h2 style=\"text-align: left;\">\u00dcber Tipico-Sportwetten<\/h2>\n<p>Tipico wurde im Jahre 2004 als Handelsgesellschaft auf Malta gegr\u00fcndet. Mittlerweile ist Tipico mit \u00fcber 1.200 Wettb\u00fcros in Deutschland sowie dar\u00fcber hinaus zu finden und ist auch seit Anbeginn im Internet pr\u00e4sent. In allen gro\u00dfen St\u00e4dten wie <strong>Duisburg<\/strong>, K\u00f6ln, M\u00fcnchen, Hamburg, etc. findet man zahlreiche Tipico-Filialen.<\/p>\n<p>Tipico besch\u00e4ftigt in Deutschland und Malta insgesamt 800 Mitarbeiter und hat \u00fcber 1,1 Millionen Kunden.<\/p>\n<p><strong>Wett-Angebot<\/strong><\/p>\n<p>Neben Fu\u00dfball werden von Tipico noch viele andere Sportarten angeboten: Eishockey, Tennis, Basketball, Handball, Motorsport, Baseball, American Football, Boxen, Golf und so weiter bis hin zu den Olympischen Spielen. Der Hauptfokus liegt allerdings eindeutig auf Fu\u00dfball, welcher auch die Lieblingssportart der meisten Wettkunden ist. Stark vertreten sind dabei die europ\u00e4ischen Topligen wie die deutsche Bundesliga. Aber das enorme Wettangebot reicht bis hin zu Amateurligen im europ\u00e4ischen Ausland.<\/p>\n<p><strong>Die Wettb\u00fcros<\/strong><\/p>\n<p>Tipico-Wettshops kann man aufgrund ihres markanten rot-wei\u00dfen Designs kaum \u00fcbersehen. Auf zumeist \u00fcber 100 Quadratmetern bieten die Filialen zahlreiche TV-Bildschirme f\u00fcr Live-\u00dcbertragungen. Die aktuellen Wettangebote werde ebenfalls \u00fcbersichtlich pr\u00e4sentiert. Ein Wettshop ist allerdings mehr als ein Ort, um Sportwetten zu platzieren. Die Sportbegeisterten treffen sich unter anderem hier, um sich auszutauschen und Getr\u00e4nke oder kleine Snacks zu konsumieren, w\u00e4hrend sie sich dem Sportvergn\u00fcgen widmen.<\/p>\n<p><strong>Ausstattung der Wettshops<\/strong><\/p>\n<p>Die Kasse erfasst alle Tippscheine mit einem der modernsten Systeme Europas \u00fcberhaupt. Wetten kann man nat\u00fcrlich auch direkt bei einem der zahlreichen Wett-Terminals platzieren. Die Bezahlung erfolgt mit M\u00fcnzen, Scheinen oder \u00fcber die Tipico-Kundenkarte. Im Falle einer gewonnenen Wette, erh\u00e4lt der Kunden dann einen Gutschein, der entweder bei der Kassa ausgezahlt oder auf Wunsch auf die Kundenkarte gutgeschrieben wird. Die zus\u00e4tzlichen Multi-Touch-Terminals stehen ausschlie\u00dflich G\u00e4sten mit Kundenkarte zur Verf\u00fcgung. Sie bieten nicht nur das Wettangebot im Sportbereich an, sondern auch Statistiken wie etwa Tabellen-Platzierung und viele andere Informationen. Die Wettshops in verschiedenen St\u00e4dten Deutschlands verf\u00fcgen alle \u00fcber eine \u00e4hnliche Ausstattung, sodass sich die G\u00e4ste sofort heimisch f\u00fchlen k\u00f6nnen.<\/p>\n<p><strong>Vorteile des Wettshops<\/strong><\/p>\n<p>Wer sich mit anderen Sportfans austauschen und ein Spiel live verfolgen will, findet in den Tipico-Wettb\u00fcros eine lockere Atmosph\u00e4re bei modernster Technik vor. Das Platzieren einer Einzel- oder Mehrfachwette ist bequem \u00fcber die Terminals oder die Wettkassa m\u00f6glich. Warteschlangen kommen so gut wie nie vor &#8211; die Auzahlung erfolgt sofort bar auf die Hand.<\/p>\n<p><strong>Fazit<\/strong><\/p>\n<p>Was Sportwetten betrifft, so hat sich Tipico in k\u00fcrzester Zeit zu einem der f\u00fchrenden Wettanbieter in Deutschland entwickelt. Das Wettangebot ist vielf\u00e4ltig, die Wettquoten \u00fcberdurchschnittlich hoch und das Netz an Filialen insbesondere in Deutschland sehr dicht.[\/vc_column_text][\/vc_column][\/vc_row]<\/p>\n<\/div>","protected":false},"excerpt":{"rendered":"<p>[vc_section css=&#8221;.vc_custom_1530636267617{margin-top: 0px !important;}&#8221;][vc_row bg_type=&#8221;bg_color&#8221; bg_override=&#8221;full&#8221; bg_color_value=&#8221;#d61919&#8243; css=&#8221;.vc_custom_1530723432011{margin-top: 0px !important;padding-top: -25px !important;}&#8221;][vc_column css=&#8221;.vc_custom_1530636648379{padding-top: 0px !important;}&#8221;][vc_empty_space height=&#8221;40px&#8221;][\/vc_column][\/vc_row][vc_row][vc_column][vc_empty_space height=&#8221;50px&#8221;][\/vc_column][\/vc_row][\/vc_section][vc_row][vc_column width=&#8221;1\/2&#8243;][vc_column_text css_animation=&#8221;appear&#8221; css=&#8221;&#8221; h1_css=&#8221;{.vc_customizer_1525786789994}font-weight:200;&#8221; h2_css=&#8221;{.vc_customizer_1525786789994}&#8221; h3_css=&#8221;{.vc_customizer_1525786789996}&#8221; h4_css=&#8221;{.vc_customizer_1525786789996}&#8221; h5_css=&#8221;{.vc_customizer_1525786789996}&#8221; h6_css=&#8221;{.vc_customizer_1525786789996}&#8221; p_css=&#8221;{.vc_customizer_1525786789998}&#8221; link_css=&#8221;{.vc_customizer_1525786789998}&#8221; list_css=&#8221;{.vc_customizer_1525786789998}&#8221;] Tipico-Filialen in D\u00fcsseldorf D\u00fcsseldorf, Markenstr. Markenstr.\u00a0 9 40227 D\u00fcsseldorf \u00d6ffnungszeiten: Montag &#8211; Sonntag: 11:00 &#8211; 23:00 Uhr [\/vc_column_text][\/vc_column][vc_column width=&#8221;1\/2&#8243;][vc_column_text] \u00dcber Tipico-Sportwetten Tipico wurde im Jahre 2004&hellip;<\/p>\n","protected":false},"author":1,"featured_media":0,"parent":0,"menu_order":0,"comment_status":"closed","ping_status":"closed","template":"","meta":{"inline_featured_image":false,"_joinchat":[],"footnotes":""},"class_list":["post-4173","page","type-page","status-publish","hentry","description-off"],"translation":{"provider":"WPGlobus","version":"3.0.0","language":"en","enabled_languages":["de","en","tr"],"languages":{"de":{"title":true,"content":true,"excerpt":false},"en":{"title":false,"content":false,"excerpt":false},"tr":{"title":true,"content":false,"excerpt":false}}},"_links":{"self":[{"href":"https:\/\/www.fun-entertain.de\/en\/wp-json\/wp\/v2\/pages\/4173","targetHints":{"allow":["GET"]}}],"collection":[{"href":"https:\/\/www.fun-entertain.de\/en\/wp-json\/wp\/v2\/pages"}],"about":[{"href":"https:\/\/www.fun-entertain.de\/en\/wp-json\/wp\/v2\/types\/page"}],"author":[{"embeddable":true,"href":"https:\/\/www.fun-entertain.de\/en\/wp-json\/wp\/v2\/users\/1"}],"replies":[{"embeddable":true,"href":"https:\/\/www.fun-entertain.de\/en\/wp-json\/wp\/v2\/comments?post=4173"}],"version-history":[{"count":18,"href":"https:\/\/www.fun-entertain.de\/en\/wp-json\/wp\/v2\/pages\/4173\/revisions"}],"predecessor-version":[{"id":5210,"href":"https:\/\/www.fun-entertain.de\/en\/wp-json\/wp\/v2\/pages\/4173\/revisions\/5210"}],"wp:attachment":[{"href":"https:\/\/www.fun-entertain.de\/en\/wp-json\/wp\/v2\/media?parent=4173"}],"curies":[{"name":"wp","href":"https:\/\/api.w.org\/{rel}","templated":true}]}}