{"id":4163,"date":"2016-07-13T08:09:55","date_gmt":"2016-07-13T08:09:55","guid":{"rendered":"http:\/\/www.fun-entertain.de\/?page_id=4163"},"modified":"2025-11-25T08:15:38","modified_gmt":"2025-11-25T07:15:38","slug":"tipwin-filialen-dorsten","status":"publish","type":"page","link":"https:\/\/www.fun-entertain.de\/en\/tipwin-filialen-dorsten\/","title":{"rendered":"TipWin-Filialen Dorsten"},"content":{"rendered":"<div class=\"wpb-content-wrapper\"><p>[vc_section css=&#8221;.vc_custom_1530636267617{margin-top: 0px !important;}&#8221;][vc_row bg_type=&#8221;bg_color&#8221; bg_override=&#8221;full&#8221; bg_color_value=&#8221;#d61919&#8243; css=&#8221;.vc_custom_1530723378955{margin-top: 0px !important;padding-top: -25px !important;}&#8221;][vc_column css=&#8221;.vc_custom_1530636648379{padding-top: 0px !important;}&#8221;][vc_empty_space height=&#8221;40px&#8221;][vc_single_image image=&#8221;5115&#8243; img_size=&#8221;medium&#8221; alignment=&#8221;center&#8221; css=&#8221;.vc_custom_1764054936903{margin-top: 0px !important;padding-top: -25px !important;}&#8221; el_id=&#8221;tipico-bild&#8221;][\/vc_column][\/vc_row][vc_row][vc_column][vc_empty_space height=&#8221;50px&#8221;][\/vc_column][\/vc_row][\/vc_section][vc_row][vc_column width=&#8221;1\/2&#8243;][vc_column_text css_animation=&#8221;appear&#8221; css=&#8221;&#8221; h1_css=&#8221;{.vc_customizer_1525782952568}font-weight:200;&#8221; h2_css=&#8221;{.vc_customizer_1525782952570}&#8221; h3_css=&#8221;{.vc_customizer_1525782952570}&#8221; h4_css=&#8221;{.vc_customizer_1525782952572}&#8221; h5_css=&#8221;{.vc_customizer_1525782952572}&#8221; h6_css=&#8221;{.vc_customizer_1525782952572}&#8221; p_css=&#8221;{.vc_customizer_1525782952572}&#8221; link_css=&#8221;{.vc_customizer_1525782952574}&#8221; list_css=&#8221;{.vc_customizer_1525782952574}&#8221;]<\/p>\n<h1>TipWin-Filialen in Dorsten<\/h1>\n<p><strong>Dorsten &#8211; N\u00e4he Kino<br \/>\n<\/strong><\/p>\n<p>Borkener Str. 131<\/p>\n<p>46284 Dorsten<\/p>\n<p><em><strong>\u00d6ffnungszeiten:<\/strong><\/em><\/p>\n<p>Montag &#8211; Sonntag: 11:00 &#8211; 23:00 Uhr<\/p>\n<p><iframe loading=\"lazy\" style=\"border: 0px currentColor;\" src=\"https:\/\/www.google.com\/maps\/embed?pb=!1m18!1m12!1m3!1d2473.9185839364195!2d6.955691315990334!3d51.67963330591601!2m3!1f0!2f0!3f0!3m2!1i1024!2i768!4f13.1!3m3!1m2!1s0x47b8f22fbef4931d%3A0x5dd8db344cf9e4b0!2sBorkener+Str.+131%2C+46284+Dorsten!5e0!3m2!1sde!2sde!4v1468396753399\" width=\"400\" height=\"300\" frameborder=\"0\" allowfullscreen=\"allowfullscreen\"><\/iframe><\/p>\n<p><strong>TipWin Dorsten-Stadtmitte<\/strong><\/p>\n<p>Ostwall 44<\/p>\n<p>46282 Dorsten<\/p>\n<p><em><strong>\u00d6ffnungszeiten:<\/strong><\/em><\/p>\n<p>Montag &#8211; Sonntag: 11:00 &#8211; 23:00 Uhr<\/p>\n<p><iframe loading=\"lazy\" style=\"border: 0px currentColor;\" src=\"https:\/\/www.google.com\/maps\/embed?pb=!1m18!1m12!1m3!1d2474.806668100262!2d6.963850915989872!3d51.66337600710738!2m3!1f0!2f0!3f0!3m2!1i1024!2i768!4f13.1!3m3!1m2!1s0x47b8f1f58de7d177%3A0x34b28f10394853a0!2sOstwall+44%2C+46282+Dorsten!5e0!3m2!1sde!2sde!4v1468397007952\" width=\"400\" height=\"300\" frameborder=\"0\" allowfullscreen=\"allowfullscreen\"><\/iframe>[\/vc_column_text][\/vc_column][vc_column width=&#8221;1\/2&#8243;][vc_column_text css=&#8221;&#8221;]<\/p>\n<h2>TipWin \u2013 Ihr Partner f\u00fcr Sportwetten<\/h2>\n<p>Tauchen Sie ein in die Welt der Sportwetten mit <strong>TipWin<\/strong> \u2013 Ihrem kompetenten Anbieter f\u00fcr ein spannendes und sicheres Wetterlebnis. Egal ob Fu\u00dfball, Tennis, Basketball oder andere Sportarten: Bei uns stehen Ihnen t\u00e4glich zahlreiche Wettm\u00f6glichkeiten mit attraktiven Quoten zur Verf\u00fcgung.<\/p>\n<p>Mit modernster Technologie und einem Fokus auf Sicherheit, Transparenz und Zuverl\u00e4ssigkeit schaffen wir ein erstklassiges Wetterlebnis. Bei <strong>TipWin<\/strong> k\u00f6nnen Sie sich auf einen pers\u00f6nlichen Service und ein unkompliziertes Umfeld verlassen, das Ihre Leidenschaft f\u00fcr Sport unterst\u00fctzt.<\/p>\n<p><strong>Besuchen Sie uns vor Ort<\/strong> und erleben Sie Sportwetten hautnah. Wir freuen uns darauf, Sie bei uns begr\u00fc\u00dfen zu d\u00fcrfen!<\/p>\n<p><strong>Ihr Spiel, Ihre Entscheidung \u2013 mit TipWin.<\/strong> \ud83c\udfc6[\/vc_column_text][\/vc_column][\/vc_row]<\/p>\n<\/div>","protected":false},"excerpt":{"rendered":"<p>[vc_section css=&#8221;.vc_custom_1530636267617{margin-top: 0px !important;}&#8221;][vc_row bg_type=&#8221;bg_color&#8221; bg_override=&#8221;full&#8221; bg_color_value=&#8221;#d61919&#8243; css=&#8221;.vc_custom_1530723378955{margin-top: 0px !important;padding-top: -25px !important;}&#8221;][vc_column css=&#8221;.vc_custom_1530636648379{padding-top: 0px !important;}&#8221;][vc_empty_space height=&#8221;40px&#8221;][vc_single_image image=&#8221;5115&#8243; img_size=&#8221;medium&#8221; alignment=&#8221;center&#8221; css=&#8221;.vc_custom_1764054936903{margin-top: 0px !important;padding-top: -25px !important;}&#8221; el_id=&#8221;tipico-bild&#8221;][\/vc_column][\/vc_row][vc_row][vc_column][vc_empty_space height=&#8221;50px&#8221;][\/vc_column][\/vc_row][\/vc_section][vc_row][vc_column width=&#8221;1\/2&#8243;][vc_column_text css_animation=&#8221;appear&#8221; css=&#8221;&#8221; h1_css=&#8221;{.vc_customizer_1525782952568}font-weight:200;&#8221; h2_css=&#8221;{.vc_customizer_1525782952570}&#8221; h3_css=&#8221;{.vc_customizer_1525782952570}&#8221; h4_css=&#8221;{.vc_customizer_1525782952572}&#8221; h5_css=&#8221;{.vc_customizer_1525782952572}&#8221; h6_css=&#8221;{.vc_customizer_1525782952572}&#8221; p_css=&#8221;{.vc_customizer_1525782952572}&#8221; link_css=&#8221;{.vc_customizer_1525782952574}&#8221; list_css=&#8221;{.vc_customizer_1525782952574}&#8221;] TipWin-Filialen in Dorsten Dorsten &#8211; N\u00e4he Kino Borkener Str. 131 46284 Dorsten \u00d6ffnungszeiten: Montag &#8211; Sonntag: 11:00&hellip;<\/p>\n","protected":false},"author":1,"featured_media":0,"parent":0,"menu_order":0,"comment_status":"closed","ping_status":"closed","template":"","meta":{"inline_featured_image":false,"footnotes":""},"class_list":["post-4163","page","type-page","status-publish","hentry","description-off"],"translation":{"provider":"WPGlobus","version":"3.0.0","language":"en","enabled_languages":["de","en","tr"],"languages":{"de":{"title":true,"content":true,"excerpt":false},"en":{"title":false,"content":false,"excerpt":false},"tr":{"title":true,"content":false,"excerpt":false}}},"_links":{"self":[{"href":"https:\/\/www.fun-entertain.de\/en\/wp-json\/wp\/v2\/pages\/4163","targetHints":{"allow":["GET"]}}],"collection":[{"href":"https:\/\/www.fun-entertain.de\/en\/wp-json\/wp\/v2\/pages"}],"about":[{"href":"https:\/\/www.fun-entertain.de\/en\/wp-json\/wp\/v2\/types\/page"}],"author":[{"embeddable":true,"href":"https:\/\/www.fun-entertain.de\/en\/wp-json\/wp\/v2\/users\/1"}],"replies":[{"embeddable":true,"href":"https:\/\/www.fun-entertain.de\/en\/wp-json\/wp\/v2\/comments?post=4163"}],"version-history":[{"count":19,"href":"https:\/\/www.fun-entertain.de\/en\/wp-json\/wp\/v2\/pages\/4163\/revisions"}],"predecessor-version":[{"id":5259,"href":"https:\/\/www.fun-entertain.de\/en\/wp-json\/wp\/v2\/pages\/4163\/revisions\/5259"}],"wp:attachment":[{"href":"https:\/\/www.fun-entertain.de\/en\/wp-json\/wp\/v2\/media?parent=4163"}],"curies":[{"name":"wp","href":"https:\/\/api.w.org\/{rel}","templated":true}]}}